{"id":1065,"date":"2018-10-24T16:51:45","date_gmt":"2018-10-24T13:51:45","guid":{"rendered":"http:\/\/vav.fi\/?page_id=1065"},"modified":"2025-09-01T13:05:58","modified_gmt":"2025-09-01T10:05:58","slug":"administration","status":"publish","type":"page","link":"https:\/\/vav.fi\/en\/about-us\/administration\/","title":{"rendered":"Administration"},"content":{"rendered":"<p class=\"large-text\">The VAV Group consists of the parent company VAV Yhtym\u00e4 Oy and three subsidiaries VAV Asunnot Oy, VAV Palvelukodit Oy and VAV Hoiva-asunnot Oy.<\/p>\n<h2>VAV Yhtym\u00e4 (Group) Board of Directors<\/h2>\n<ul>\n<li style=\"list-style-type: none;\">\n<ul>\n<li style=\"list-style-type: none;\">\n<ul>\n<li style=\"text-align: left;\">Kimmo Kiljunen, Chair<\/li>\n<li>Susanna Bruun<\/li>\n<li>Katariina Haigh<\/li>\n<li>Jorma Hentil\u00e4<\/li>\n<li>Timo Huhta<\/li>\n<li style=\"text-align: left;\">Satu Koskinen<\/li>\n<li>Mika Oja<\/li>\n<li>Soili Semkina<\/li>\n<li>Kati Tyystj\u00e4rvi<\/li>\n<li style=\"text-align: left;\">Markku Weckman<\/li>\n<li>Mirka Saarholma, CEO<\/li>\n<li>Leo Pajunen, Corporate Counsel, Secretary<\/li>\n<\/ul>\n<\/li>\n<\/ul>\n<\/li>\n<\/ul>\n<h2>VAV Asunnot Board of Directors<\/h2>\n<ul>\n<li style=\"list-style-type: none;\">\n<ul>\n<li style=\"list-style-type: none;\">\n<ul>\n<li>Kimmo Kiljunen, Chair<\/li>\n<li>Teemu Arvonen<\/li>\n<li>Katariina Haigh<\/li>\n<li>Timo Huhta<\/li>\n<li>Olli Saarikko<\/li>\n<li>Anneli Sinkkonen<\/li>\n<li style=\"text-align: left;\">Mirka Saarholma, CEO<\/li>\n<li style=\"text-align: left;\">Leo Pajunen, Corporate Counsel, Secretary<\/li>\n<\/ul>\n<\/li>\n<\/ul>\n<\/li>\n<\/ul>\n<ul>\n<li style=\"list-style-type: none;\">\n<ul>\n<li style=\"list-style-type: none;\"><\/li>\n<\/ul>\n<\/li>\n<\/ul>\n<h2>VAV Palvelukodit Board of Directors<\/h2>\n<ul>\n<li style=\"list-style-type: none;\">\n<ul>\n<li style=\"list-style-type: none;\">\n<ul>\n<li>Satu Koskinen, Chair<\/li>\n<li>Kimmo Kiljunen<\/li>\n<li>Jorma Hentil\u00e4<\/li>\n<li>Sari Lindqvist<\/li>\n<li style=\"text-align: left;\">Mirka Saarholma, CEO<\/li>\n<li>Leo Pajunen, Corporate Counsel, Secretary<\/li>\n<\/ul>\n<\/li>\n<\/ul>\n<\/li>\n<\/ul>\n<h2>VAV Hoiva-asunnot Board of Directors<\/h2>\n<ul>\n<li style=\"list-style-type: none;\">\n<ul>\n<li style=\"list-style-type: none;\">\n<ul>\n<li>Satu Koskinen, Chair<\/li>\n<li>Kimmo Kiljunen<\/li>\n<li>Sari Lindqvist<\/li>\n<li>Kati Tyystj\u00e4rvi<\/li>\n<li style=\"text-align: left;\">Mirka Saarholma, CEO<\/li>\n<li>Leo Pajunen, Corporate Counsel, Secretary<\/li>\n<\/ul>\n<\/li>\n<\/ul>\n<\/li>\n<\/ul>\n<h2>Auditor<\/h2>\n<p>KPMG Oy Ab, KHT Pepe Tamminen (auditor in charge)<\/p>\n","protected":false},"excerpt":{"rendered":"<p>The VAV Group consists of the parent company VAV Yhtym\u00e4 Oy and three subsidiaries VAV Asunnot Oy, VAV Palvelukodit Oy and VAV Hoiva-asunnot Oy. VAV Yhtym\u00e4 (Group) Board of Directors Kimmo Kiljunen, Chair Susanna Bruun Katariina Haigh Jorma Hentil\u00e4 Timo Huhta Satu Koskinen Mika Oja Soili Semkina Kati Tyystj\u00e4rvi Markku Weckman Mirka Saarholma, CEO Leo [&hellip;]<\/p>\n","protected":false},"author":10,"featured_media":0,"parent":190,"menu_order":296,"comment_status":"closed","ping_status":"closed","template":"","meta":{"_acf_changed":false,"inline_featured_image":false,"footnotes":""},"class_list":["post-1065","page","type-page","status-publish","hentry"],"acf":[],"yoast_head":"<!-- This site is optimized with the Yoast SEO Premium plugin v27.2 (Yoast SEO v27.2) - https:\/\/yoast.com\/product\/yoast-seo-premium-wordpress\/ -->\n<title>Administration | VAV<\/title>\n<meta name=\"description\" content=\"The VAV Group consists of the parent company VAV Yhtym\u00e4 Oy and three subsidiaries VAV Asunnot Oy, VAV Palvelukodit Oy and VAV Hoiva-asunnot Oy.\" \/>\n<meta name=\"robots\" content=\"index, follow, max-snippet:-1, max-image-preview:large, max-video-preview:-1\" \/>\n<link rel=\"canonical\" href=\"https:\/\/vav.fi\/en\/about-us\/administration\/\" \/>\n<meta property=\"og:locale\" content=\"en_US\" \/>\n<meta property=\"og:type\" content=\"article\" \/>\n<meta property=\"og:title\" content=\"Administration\" \/>\n<meta property=\"og:description\" content=\"The VAV Group consists of the parent company VAV Yhtym\u00e4 Oy and three subsidiaries VAV Asunnot Oy, VAV Palvelukodit Oy and VAV Hoiva-asunnot Oy.\" \/>\n<meta property=\"og:url\" content=\"https:\/\/vav.fi\/en\/about-us\/administration\/\" \/>\n<meta property=\"og:site_name\" content=\"VAV\" \/>\n<meta property=\"article:publisher\" content=\"https:\/\/www.facebook.com\/VAVAsunnot\/\" \/>\n<meta property=\"article:modified_time\" content=\"2025-09-01T10:05:58+00:00\" \/>\n<meta property=\"og:image\" content=\"https:\/\/vav.fi\/wp-content\/uploads\/2023\/04\/VAV-konserni-original-logo-color-transparent-2023.png\" \/>\n\t<meta property=\"og:image:width\" content=\"1782\" \/>\n\t<meta property=\"og:image:height\" content=\"1000\" \/>\n\t<meta property=\"og:image:type\" content=\"image\/png\" \/>\n<meta name=\"twitter:card\" content=\"summary_large_image\" \/>\n<meta name=\"twitter:label1\" content=\"Est. reading time\" \/>\n\t<meta name=\"twitter:data1\" content=\"1 minute\" \/>\n<script type=\"application\/ld+json\" class=\"yoast-schema-graph\">{\"@context\":\"https:\/\/schema.org\",\"@graph\":[{\"@type\":\"WebPage\",\"@id\":\"https:\/\/vav.fi\/en\/about-us\/administration\/\",\"url\":\"https:\/\/vav.fi\/en\/about-us\/administration\/\",\"name\":\"Administration | VAV\",\"isPartOf\":{\"@id\":\"https:\/\/vav.fi\/#website\"},\"datePublished\":\"2018-10-24T13:51:45+00:00\",\"dateModified\":\"2025-09-01T10:05:58+00:00\",\"description\":\"The VAV Group consists of the parent company VAV Yhtym\u00e4 Oy and three subsidiaries VAV Asunnot Oy, VAV Palvelukodit Oy and VAV Hoiva-asunnot Oy.\",\"breadcrumb\":{\"@id\":\"https:\/\/vav.fi\/en\/about-us\/administration\/#breadcrumb\"},\"inLanguage\":\"en-US\",\"potentialAction\":[{\"@type\":\"ReadAction\",\"target\":[\"https:\/\/vav.fi\/en\/about-us\/administration\/\"]}]},{\"@type\":\"BreadcrumbList\",\"@id\":\"https:\/\/vav.fi\/en\/about-us\/administration\/#breadcrumb\",\"itemListElement\":[{\"@type\":\"ListItem\",\"position\":1,\"name\":\"Home\",\"item\":\"https:\/\/vav.fi\/en\/\"},{\"@type\":\"ListItem\",\"position\":2,\"name\":\"About us\",\"item\":\"https:\/\/vav.fi\/en\/about-us\/\"},{\"@type\":\"ListItem\",\"position\":3,\"name\":\"Administration\"}]},{\"@type\":\"WebSite\",\"@id\":\"https:\/\/vav.fi\/#website\",\"url\":\"https:\/\/vav.fi\/\",\"name\":\"VAV\",\"description\":\"Helppoa vuokra-asumista suurella syd\u00e4mell\u00e4.\",\"publisher\":{\"@id\":\"https:\/\/vav.fi\/#organization\"},\"potentialAction\":[{\"@type\":\"SearchAction\",\"target\":{\"@type\":\"EntryPoint\",\"urlTemplate\":\"https:\/\/vav.fi\/?s={search_term_string}\"},\"query-input\":{\"@type\":\"PropertyValueSpecification\",\"valueRequired\":true,\"valueName\":\"search_term_string\"}}],\"inLanguage\":\"en-US\"},{\"@type\":\"Organization\",\"@id\":\"https:\/\/vav.fi\/#organization\",\"name\":\"VAV\",\"url\":\"https:\/\/vav.fi\/\",\"logo\":{\"@type\":\"ImageObject\",\"inLanguage\":\"en-US\",\"@id\":\"https:\/\/vav.fi\/#\/schema\/logo\/image\/\",\"url\":\"https:\/\/vav.fi\/wp-content\/uploads\/2023\/04\/VAV-konserni-original-logo-color-transparent-2023.png\",\"contentUrl\":\"https:\/\/vav.fi\/wp-content\/uploads\/2023\/04\/VAV-konserni-original-logo-color-transparent-2023.png\",\"width\":1782,\"height\":1000,\"caption\":\"VAV\"},\"image\":{\"@id\":\"https:\/\/vav.fi\/#\/schema\/logo\/image\/\"},\"sameAs\":[\"https:\/\/www.facebook.com\/VAVAsunnot\/\",\"https:\/\/www.instagram.com\/vavkonserni\/\",\"https:\/\/www.linkedin.com\/company\/vav-konserni\/\"]}]}<\/script>\n<!-- \/ Yoast SEO Premium plugin. -->","yoast_head_json":{"title":"Administration | VAV","description":"The VAV Group consists of the parent company VAV Yhtym\u00e4 Oy and three subsidiaries VAV Asunnot Oy, VAV Palvelukodit Oy and VAV Hoiva-asunnot Oy.","robots":{"index":"index","follow":"follow","max-snippet":"max-snippet:-1","max-image-preview":"max-image-preview:large","max-video-preview":"max-video-preview:-1"},"canonical":"https:\/\/vav.fi\/en\/about-us\/administration\/","og_locale":"en_US","og_type":"article","og_title":"Administration","og_description":"The VAV Group consists of the parent company VAV Yhtym\u00e4 Oy and three subsidiaries VAV Asunnot Oy, VAV Palvelukodit Oy and VAV Hoiva-asunnot Oy.","og_url":"https:\/\/vav.fi\/en\/about-us\/administration\/","og_site_name":"VAV","article_publisher":"https:\/\/www.facebook.com\/VAVAsunnot\/","article_modified_time":"2025-09-01T10:05:58+00:00","og_image":[{"width":1782,"height":1000,"url":"https:\/\/vav.fi\/wp-content\/uploads\/2023\/04\/VAV-konserni-original-logo-color-transparent-2023.png","type":"image\/png"}],"twitter_card":"summary_large_image","twitter_misc":{"Est. reading time":"1 minute"},"schema":{"@context":"https:\/\/schema.org","@graph":[{"@type":"WebPage","@id":"https:\/\/vav.fi\/en\/about-us\/administration\/","url":"https:\/\/vav.fi\/en\/about-us\/administration\/","name":"Administration | VAV","isPartOf":{"@id":"https:\/\/vav.fi\/#website"},"datePublished":"2018-10-24T13:51:45+00:00","dateModified":"2025-09-01T10:05:58+00:00","description":"The VAV Group consists of the parent company VAV Yhtym\u00e4 Oy and three subsidiaries VAV Asunnot Oy, VAV Palvelukodit Oy and VAV Hoiva-asunnot Oy.","breadcrumb":{"@id":"https:\/\/vav.fi\/en\/about-us\/administration\/#breadcrumb"},"inLanguage":"en-US","potentialAction":[{"@type":"ReadAction","target":["https:\/\/vav.fi\/en\/about-us\/administration\/"]}]},{"@type":"BreadcrumbList","@id":"https:\/\/vav.fi\/en\/about-us\/administration\/#breadcrumb","itemListElement":[{"@type":"ListItem","position":1,"name":"Home","item":"https:\/\/vav.fi\/en\/"},{"@type":"ListItem","position":2,"name":"About us","item":"https:\/\/vav.fi\/en\/about-us\/"},{"@type":"ListItem","position":3,"name":"Administration"}]},{"@type":"WebSite","@id":"https:\/\/vav.fi\/#website","url":"https:\/\/vav.fi\/","name":"VAV","description":"Helppoa vuokra-asumista suurella syd\u00e4mell\u00e4.","publisher":{"@id":"https:\/\/vav.fi\/#organization"},"potentialAction":[{"@type":"SearchAction","target":{"@type":"EntryPoint","urlTemplate":"https:\/\/vav.fi\/?s={search_term_string}"},"query-input":{"@type":"PropertyValueSpecification","valueRequired":true,"valueName":"search_term_string"}}],"inLanguage":"en-US"},{"@type":"Organization","@id":"https:\/\/vav.fi\/#organization","name":"VAV","url":"https:\/\/vav.fi\/","logo":{"@type":"ImageObject","inLanguage":"en-US","@id":"https:\/\/vav.fi\/#\/schema\/logo\/image\/","url":"https:\/\/vav.fi\/wp-content\/uploads\/2023\/04\/VAV-konserni-original-logo-color-transparent-2023.png","contentUrl":"https:\/\/vav.fi\/wp-content\/uploads\/2023\/04\/VAV-konserni-original-logo-color-transparent-2023.png","width":1782,"height":1000,"caption":"VAV"},"image":{"@id":"https:\/\/vav.fi\/#\/schema\/logo\/image\/"},"sameAs":["https:\/\/www.facebook.com\/VAVAsunnot\/","https:\/\/www.instagram.com\/vavkonserni\/","https:\/\/www.linkedin.com\/company\/vav-konserni\/"]}]}},"_links":{"self":[{"href":"https:\/\/vav.fi\/en\/wp-json\/wp\/v2\/pages\/1065","targetHints":{"allow":["GET"]}}],"collection":[{"href":"https:\/\/vav.fi\/en\/wp-json\/wp\/v2\/pages"}],"about":[{"href":"https:\/\/vav.fi\/en\/wp-json\/wp\/v2\/types\/page"}],"author":[{"embeddable":true,"href":"https:\/\/vav.fi\/en\/wp-json\/wp\/v2\/users\/10"}],"replies":[{"embeddable":true,"href":"https:\/\/vav.fi\/en\/wp-json\/wp\/v2\/comments?post=1065"}],"version-history":[{"count":7,"href":"https:\/\/vav.fi\/en\/wp-json\/wp\/v2\/pages\/1065\/revisions"}],"predecessor-version":[{"id":12814,"href":"https:\/\/vav.fi\/en\/wp-json\/wp\/v2\/pages\/1065\/revisions\/12814"}],"up":[{"embeddable":true,"href":"https:\/\/vav.fi\/en\/wp-json\/wp\/v2\/pages\/190"}],"wp:attachment":[{"href":"https:\/\/vav.fi\/en\/wp-json\/wp\/v2\/media?parent=1065"}],"curies":[{"name":"wp","href":"https:\/\/api.w.org\/{rel}","templated":true}]}}