{"id":11977,"date":"2025-03-25T09:56:38","date_gmt":"2025-03-25T07:56:38","guid":{"rendered":"https:\/\/vav.fi\/?page_id=11977"},"modified":"2025-03-25T09:56:38","modified_gmt":"2025-03-25T07:56:38","slug":"for-bostadssokande","status":"publish","type":"page","link":"https:\/\/vav.fi\/sv\/for-bostadssokande\/","title":{"rendered":"F\u00f6r bostadss\u00f6kande"},"content":{"rendered":"<p>Letar du efter en prisv\u00e4rd hyresl\u00e4genhet i Vanda? VAV har mer \u00e4n 11 600 hyresl\u00e4genheter i Vanda, i mer \u00e4n 40 stadsdelar. Vi har bekv\u00e4ma och f\u00f6rm\u00e5nliga hyresbost\u00e4der i flerv\u00e5ningshus och radhus f\u00f6r b\u00e5de ensamst\u00e5ende och familjer. Ungef\u00e4r var tionde Vandabo bor redan i v\u00e5ra hyresbost\u00e4der.<\/p>\n<h2>Varf\u00f6r l\u00f6nar det sig att hyra en bostad?<\/h2>\n<p>Att hyra \u00e4r ofta f\u00f6rnuftigt eftersom du inte beh\u00f6ver en stor handpenning f\u00f6r att f\u00e5 en bostad. Hos VAV \u00e4r depositionen 0 euro. Som hyresg\u00e4st hos VAV kan du f\u00f6rutse de m\u00e5natliga kostnaderna f\u00f6r att bo i ditt hem, eftersom hyran \u00e4r rimlig och de \u00e5rliga hyresgranskningarna \u00e4r m\u00e5ttliga.<\/p>\n<p>Som hyresg\u00e4st kommer du inte att \u00f6verraskas av renoverings- eller reparationskostnader, eftersom vi t\u00e4cker dem. Som hyresg\u00e4st \u00e4r det l\u00e4ttare att byta bostad n\u00e4r din livssituation f\u00f6r\u00e4ndras.<\/p>\n<p><a class=\"button\" href=\"http:\/\/asunnot.vav.fi\" target=\"_blank\" rel=\"noopener\">KOLLA IN V\u00c5RA HYRESFASTIGHETER (p\u00e5 finska)<\/a><\/p>\n","protected":false},"excerpt":{"rendered":"<p>Letar du efter en prisv\u00e4rd hyresl\u00e4genhet i Vanda? VAV har mer \u00e4n 11 600 hyresl\u00e4genheter i Vanda, i mer \u00e4n 40 stadsdelar. Vi har bekv\u00e4ma och f\u00f6rm\u00e5nliga hyresbost\u00e4der i flerv\u00e5ningshus och radhus f\u00f6r b\u00e5de ensamst\u00e5ende och familjer. Ungef\u00e4r var tionde Vandabo bor redan i v\u00e5ra hyresbost\u00e4der. Varf\u00f6r l\u00f6nar det sig att hyra en bostad? Att [&hellip;]<\/p>\n","protected":false},"author":11,"featured_media":0,"parent":0,"menu_order":33,"comment_status":"closed","ping_status":"closed","template":"","meta":{"_acf_changed":false,"inline_featured_image":false,"footnotes":""},"class_list":["post-11977","page","type-page","status-publish","hentry"],"acf":[],"yoast_head":"<!-- This site is optimized with the Yoast SEO Premium plugin v27.2 (Yoast SEO v27.2) - https:\/\/yoast.com\/product\/yoast-seo-premium-wordpress\/ -->\n<title>F\u00f6r bostadss\u00f6kande | VAV<\/title>\n<meta name=\"robots\" content=\"index, follow, max-snippet:-1, max-image-preview:large, max-video-preview:-1\" \/>\n<link rel=\"canonical\" href=\"https:\/\/vav.fi\/sv\/for-bostadssokande\/\" \/>\n<meta property=\"og:locale\" content=\"sv_SE\" \/>\n<meta property=\"og:type\" content=\"article\" \/>\n<meta property=\"og:title\" content=\"F\u00f6r bostadss\u00f6kande\" \/>\n<meta property=\"og:description\" content=\"Letar du efter en prisv\u00e4rd hyresl\u00e4genhet i Vanda? VAV har mer \u00e4n 11 600 hyresl\u00e4genheter i Vanda, i mer \u00e4n 40 stadsdelar. Vi har bekv\u00e4ma och f\u00f6rm\u00e5nliga hyresbost\u00e4der i flerv\u00e5ningshus och radhus f\u00f6r b\u00e5de ensamst\u00e5ende och familjer. Ungef\u00e4r var tionde Vandabo bor redan i v\u00e5ra hyresbost\u00e4der. Varf\u00f6r l\u00f6nar det sig att hyra en bostad? Att [&hellip;]\" \/>\n<meta property=\"og:url\" content=\"https:\/\/vav.fi\/sv\/for-bostadssokande\/\" \/>\n<meta property=\"og:site_name\" content=\"VAV\" \/>\n<meta property=\"article:publisher\" content=\"https:\/\/www.facebook.com\/VAVAsunnot\/\" \/>\n<meta property=\"og:image\" content=\"https:\/\/vav.fi\/wp-content\/uploads\/2023\/04\/VAV-konserni-original-logo-color-transparent-2023.png\" \/>\n\t<meta property=\"og:image:width\" content=\"1782\" \/>\n\t<meta property=\"og:image:height\" content=\"1000\" \/>\n\t<meta property=\"og:image:type\" content=\"image\/png\" \/>\n<meta name=\"twitter:card\" content=\"summary_large_image\" \/>\n<meta name=\"twitter:label1\" content=\"Ber\u00e4knad l\u00e4stid\" \/>\n\t<meta name=\"twitter:data1\" content=\"1 minut\" \/>\n<script type=\"application\/ld+json\" class=\"yoast-schema-graph\">{\"@context\":\"https:\/\/schema.org\",\"@graph\":[{\"@type\":\"WebPage\",\"@id\":\"https:\/\/vav.fi\/sv\/for-bostadssokande\/\",\"url\":\"https:\/\/vav.fi\/sv\/for-bostadssokande\/\",\"name\":\"F\u00f6r bostadss\u00f6kande | VAV\",\"isPartOf\":{\"@id\":\"https:\/\/vav.fi\/#website\"},\"datePublished\":\"2025-03-25T07:56:38+00:00\",\"breadcrumb\":{\"@id\":\"https:\/\/vav.fi\/sv\/for-bostadssokande\/#breadcrumb\"},\"inLanguage\":\"sv-SE\",\"potentialAction\":[{\"@type\":\"ReadAction\",\"target\":[\"https:\/\/vav.fi\/sv\/for-bostadssokande\/\"]}]},{\"@type\":\"BreadcrumbList\",\"@id\":\"https:\/\/vav.fi\/sv\/for-bostadssokande\/#breadcrumb\",\"itemListElement\":[{\"@type\":\"ListItem\",\"position\":1,\"name\":\"Home\",\"item\":\"https:\/\/vav.fi\/sv\/\"},{\"@type\":\"ListItem\",\"position\":2,\"name\":\"F\u00f6r bostadss\u00f6kande\"}]},{\"@type\":\"WebSite\",\"@id\":\"https:\/\/vav.fi\/#website\",\"url\":\"https:\/\/vav.fi\/\",\"name\":\"VAV\",\"description\":\"Helppoa vuokra-asumista suurella syd\u00e4mell\u00e4.\",\"publisher\":{\"@id\":\"https:\/\/vav.fi\/#organization\"},\"potentialAction\":[{\"@type\":\"SearchAction\",\"target\":{\"@type\":\"EntryPoint\",\"urlTemplate\":\"https:\/\/vav.fi\/?s={search_term_string}\"},\"query-input\":{\"@type\":\"PropertyValueSpecification\",\"valueRequired\":true,\"valueName\":\"search_term_string\"}}],\"inLanguage\":\"sv-SE\"},{\"@type\":\"Organization\",\"@id\":\"https:\/\/vav.fi\/#organization\",\"name\":\"VAV\",\"url\":\"https:\/\/vav.fi\/\",\"logo\":{\"@type\":\"ImageObject\",\"inLanguage\":\"sv-SE\",\"@id\":\"https:\/\/vav.fi\/#\/schema\/logo\/image\/\",\"url\":\"https:\/\/vav.fi\/wp-content\/uploads\/2023\/04\/VAV-konserni-original-logo-color-transparent-2023.png\",\"contentUrl\":\"https:\/\/vav.fi\/wp-content\/uploads\/2023\/04\/VAV-konserni-original-logo-color-transparent-2023.png\",\"width\":1782,\"height\":1000,\"caption\":\"VAV\"},\"image\":{\"@id\":\"https:\/\/vav.fi\/#\/schema\/logo\/image\/\"},\"sameAs\":[\"https:\/\/www.facebook.com\/VAVAsunnot\/\",\"https:\/\/www.instagram.com\/vavkonserni\/\",\"https:\/\/www.linkedin.com\/company\/vav-konserni\/\"]}]}<\/script>\n<!-- \/ Yoast SEO Premium plugin. -->","yoast_head_json":{"title":"F\u00f6r bostadss\u00f6kande | VAV","robots":{"index":"index","follow":"follow","max-snippet":"max-snippet:-1","max-image-preview":"max-image-preview:large","max-video-preview":"max-video-preview:-1"},"canonical":"https:\/\/vav.fi\/sv\/for-bostadssokande\/","og_locale":"sv_SE","og_type":"article","og_title":"F\u00f6r bostadss\u00f6kande","og_description":"Letar du efter en prisv\u00e4rd hyresl\u00e4genhet i Vanda? VAV har mer \u00e4n 11 600 hyresl\u00e4genheter i Vanda, i mer \u00e4n 40 stadsdelar. Vi har bekv\u00e4ma och f\u00f6rm\u00e5nliga hyresbost\u00e4der i flerv\u00e5ningshus och radhus f\u00f6r b\u00e5de ensamst\u00e5ende och familjer. Ungef\u00e4r var tionde Vandabo bor redan i v\u00e5ra hyresbost\u00e4der. Varf\u00f6r l\u00f6nar det sig att hyra en bostad? Att [&hellip;]","og_url":"https:\/\/vav.fi\/sv\/for-bostadssokande\/","og_site_name":"VAV","article_publisher":"https:\/\/www.facebook.com\/VAVAsunnot\/","og_image":[{"width":1782,"height":1000,"url":"https:\/\/vav.fi\/wp-content\/uploads\/2023\/04\/VAV-konserni-original-logo-color-transparent-2023.png","type":"image\/png"}],"twitter_card":"summary_large_image","twitter_misc":{"Ber\u00e4knad l\u00e4stid":"1 minut"},"schema":{"@context":"https:\/\/schema.org","@graph":[{"@type":"WebPage","@id":"https:\/\/vav.fi\/sv\/for-bostadssokande\/","url":"https:\/\/vav.fi\/sv\/for-bostadssokande\/","name":"F\u00f6r bostadss\u00f6kande | VAV","isPartOf":{"@id":"https:\/\/vav.fi\/#website"},"datePublished":"2025-03-25T07:56:38+00:00","breadcrumb":{"@id":"https:\/\/vav.fi\/sv\/for-bostadssokande\/#breadcrumb"},"inLanguage":"sv-SE","potentialAction":[{"@type":"ReadAction","target":["https:\/\/vav.fi\/sv\/for-bostadssokande\/"]}]},{"@type":"BreadcrumbList","@id":"https:\/\/vav.fi\/sv\/for-bostadssokande\/#breadcrumb","itemListElement":[{"@type":"ListItem","position":1,"name":"Home","item":"https:\/\/vav.fi\/sv\/"},{"@type":"ListItem","position":2,"name":"F\u00f6r bostadss\u00f6kande"}]},{"@type":"WebSite","@id":"https:\/\/vav.fi\/#website","url":"https:\/\/vav.fi\/","name":"VAV","description":"Helppoa vuokra-asumista suurella syd\u00e4mell\u00e4.","publisher":{"@id":"https:\/\/vav.fi\/#organization"},"potentialAction":[{"@type":"SearchAction","target":{"@type":"EntryPoint","urlTemplate":"https:\/\/vav.fi\/?s={search_term_string}"},"query-input":{"@type":"PropertyValueSpecification","valueRequired":true,"valueName":"search_term_string"}}],"inLanguage":"sv-SE"},{"@type":"Organization","@id":"https:\/\/vav.fi\/#organization","name":"VAV","url":"https:\/\/vav.fi\/","logo":{"@type":"ImageObject","inLanguage":"sv-SE","@id":"https:\/\/vav.fi\/#\/schema\/logo\/image\/","url":"https:\/\/vav.fi\/wp-content\/uploads\/2023\/04\/VAV-konserni-original-logo-color-transparent-2023.png","contentUrl":"https:\/\/vav.fi\/wp-content\/uploads\/2023\/04\/VAV-konserni-original-logo-color-transparent-2023.png","width":1782,"height":1000,"caption":"VAV"},"image":{"@id":"https:\/\/vav.fi\/#\/schema\/logo\/image\/"},"sameAs":["https:\/\/www.facebook.com\/VAVAsunnot\/","https:\/\/www.instagram.com\/vavkonserni\/","https:\/\/www.linkedin.com\/company\/vav-konserni\/"]}]}},"_links":{"self":[{"href":"https:\/\/vav.fi\/sv\/wp-json\/wp\/v2\/pages\/11977","targetHints":{"allow":["GET"]}}],"collection":[{"href":"https:\/\/vav.fi\/sv\/wp-json\/wp\/v2\/pages"}],"about":[{"href":"https:\/\/vav.fi\/sv\/wp-json\/wp\/v2\/types\/page"}],"author":[{"embeddable":true,"href":"https:\/\/vav.fi\/sv\/wp-json\/wp\/v2\/users\/11"}],"replies":[{"embeddable":true,"href":"https:\/\/vav.fi\/sv\/wp-json\/wp\/v2\/comments?post=11977"}],"version-history":[{"count":2,"href":"https:\/\/vav.fi\/sv\/wp-json\/wp\/v2\/pages\/11977\/revisions"}],"predecessor-version":[{"id":12046,"href":"https:\/\/vav.fi\/sv\/wp-json\/wp\/v2\/pages\/11977\/revisions\/12046"}],"wp:attachment":[{"href":"https:\/\/vav.fi\/sv\/wp-json\/wp\/v2\/media?parent=11977"}],"curies":[{"name":"wp","href":"https:\/\/api.w.org\/{rel}","templated":true}]}}