{"id":11979,"date":"2025-03-25T09:57:57","date_gmt":"2025-03-25T07:57:57","guid":{"rendered":"https:\/\/vav.fi\/?page_id=11979"},"modified":"2025-03-27T08:58:18","modified_gmt":"2025-03-27T06:58:18","slug":"ansoka-om-en-hyresbostad","status":"publish","type":"page","link":"https:\/\/vav.fi\/sv\/for-bostadssokande\/ansoka-om-en-hyresbostad\/","title":{"rendered":"Ans\u00f6ka om en hyresbostad"},"content":{"rendered":"<p>VAV hyr ut tv\u00e5 typer av hyresbost\u00e4der i Vanda: statssubventionerade hyresbost\u00e4der (tidigare k\u00e4nda som Ara-hyresbost\u00e4der) och icke-subventionerade hyresbost\u00e4der. F\u00f6r statsunderst\u00f6dda bost\u00e4der kontrollerar vi inkomst- och f\u00f6rm\u00f6genhetsgr\u00e4nser, f\u00f6r \u00f6vriga bost\u00e4der kontrolleras inte dessa uppgifter. L\u00e4s mer om v\u00e5ra hyresbost\u00e4der samt inkomst- och f\u00f6rm\u00f6genhetsgr\u00e4nser. Vi kontrollerar kredithistoriken f\u00f6r alla s\u00f6kande som \u00e4r 18 \u00e5r och \u00e4ldre innan vi l\u00e4mnar ett erbjudande.<\/p>\n<h2><a href=\"https:\/\/hakemus.tampuuri.fi\/vav\/\" target=\"_blank\" rel=\"noopener\">1. Fyll i bostadsans\u00f6kan<\/a><\/h2>\n<p>En bra bostadsans\u00f6kan inkluderar dina preferenser f\u00f6r omr\u00e5det och typen av bostad.<br \/>\nTips: Du kan f\u00f6rb\u00e4ttra dina chanser att f\u00e5 en hyresbostad genom att l\u00e4gga till flera alternativ i din ans\u00f6kan.<\/p>\n<p><a class=\"button\" href=\"https:\/\/hakemus.tampuuri.fi\/vav\/\" target=\"_blank\" rel=\"noopener\">Fyll i bostadsans\u00f6kan<\/a><\/p>\n<h2>2. V\u00e4nta p\u00e5 att bli kontaktad<\/h2>\n<p>N\u00e4r din hyresans\u00f6kan har skickats kommer du att f\u00e5 ett meddelande om att din ans\u00f6kan har mottagits. N\u00e4r du har skickat din ans\u00f6kan f\u00e5r du ett meddelande om att din ans\u00f6kan har accepterats och du b\u00f6r d\u00e5 v\u00e4nta p\u00e5 att h\u00f6ra fr\u00e5n oss. P\u00e5 VAV baseras tillg\u00e5ngen till hyresbost\u00e4der inte p\u00e5 en v\u00e4ntelista, utan p\u00e5 behovet av bost\u00e4der. Vi kan d\u00e4rf\u00f6r inte fastst\u00e4lla den genomsnittliga v\u00e4ntetiden f\u00f6r en hyresl\u00e4genhet. Majoriteten av v\u00e5ra l\u00e4genheter \u00e4r statligt subventionerade hyresl\u00e4genheter, dvs. s\u00e5dana d\u00e4r vi f\u00f6ljer Arras (numera Varkes) riktlinjer f\u00f6r urval av hyresg\u00e4ster.<\/p>\n<h2>3. Anm\u00e4l om eventuella \u00e4ndringar<\/h2>\n<p>Om din situation f\u00f6r\u00e4ndras kan du redigera din bostadsans\u00f6kan. Kom ih\u00e5g att f\u00f6rnya din ans\u00f6kan, som \u00e4r giltig i fyra m\u00e5nader fr\u00e5n inl\u00e4mningsdatumet. Om du gl\u00f6mt att f\u00f6rnya din ans\u00f6kan men fortfarande \u00e4r i behov av en hyresbostad kan du alltid skicka in en ny ans\u00f6kan till VAV. Om du inte l\u00e4ngre \u00e4r i behov av bostad, v\u00e4nligen informera VAV:s kundtj\u00e4nst.<\/p>\n<p>Innan vi l\u00e4mnar ett erbjudande kommer vi att kontrollera dina folkbokf\u00f6ringsuppgifter. Adressen i din ans\u00f6kan och i ditt folkbokf\u00f6ringsregister m\u00e5ste vara densamma. Annars kommer vi att anse att ditt bostadsbehov inte l\u00e4ngre \u00e4r giltigt. Kom d\u00e4rf\u00f6r ih\u00e5g att uppdatera din ans\u00f6kan om dina adressuppgifter \u00e4ndras.<\/p>\n<h2>4. Bilagor till bostadsans\u00f6kan<\/h2>\n<p>N\u00e4r du ans\u00f6ker om statligt subventionerade hyresbost\u00e4der (tidigare Ara-hyresbost\u00e4der) beh\u00f6ver vi uppgifter om dina inkomster och tillg\u00e5ngar. Du kan bifoga n\u00f6dv\u00e4ndiga bilagor till din ans\u00f6kan i vilket skede som helst innan du f\u00e5r ett bostadserbjudande. Dessa kommer att beg\u00e4ras senast om du f\u00e5r ett erbjudande om boende fr\u00e5n oss. Detta f\u00f6r att vi ska kunna kontrollera att uppgifterna i din ans\u00f6kan \u00e4r korrekta.<\/p>\n<p>Bilagorna kan variera fr\u00e5n s\u00f6kande till s\u00f6kande, t.ex:<\/p>\n<p><strong>F\u00f6rhandsifylld deklaration f\u00f6r alla personer som \u00e4r 18 \u00e5r eller \u00e4ldre och som flyttar in i bostaden.<\/strong><br \/>\nF\u00f6r alla personer som flyttar in i din nya bostad och som \u00e4r 18 \u00e5r eller \u00e4ldre finns en f\u00f6rifylld deklaration p\u00e5 MyTax. Om din deklaration visar att du har tillg\u00e5ngar som v\u00e4rdepapper eller fastigheter, v\u00e4nligen l\u00e4mna ett intyg om deras nuvarande v\u00e4rde. F\u00f6r mer detaljerade instruktioner, se \u201dUppgift om tillg\u00e5ngar och skulder\u201d.<\/p>\n<p>Om du beh\u00f6ver hj\u00e4lp med att anv\u00e4nda MyTax, v\u00e4nligen kontakta Skattef\u00f6rvaltningen.<\/p>\n<p><strong>Inkomstdeklaration<\/strong><br \/>\nEn inkomstuppgift kan vara en l\u00f6nespecifikation, ett utdrag ur inkomstregistret, ett pensions- eller f\u00f6rm\u00e5nsbeslut, t.ex. arbetsl\u00f6shets- eller hemv\u00e5rdsst\u00f6d, eller f\u00f6r f\u00f6retagare det senast fastst\u00e4llda beskattningsbeslutet.<\/p>\n<p><strong>Redovisning av tillg\u00e5ngar och skulder<\/strong><br \/>\nOm du har f\u00e5tt ett erbjudande om bostad i en statligt subventionerad bostad (tidigare kallad Ara-hyresbostad) kommer dina inkomster och tillg\u00e5ngar att beaktas vid valet av hyresg\u00e4st.<\/p>\n<p>Tillg\u00e5ngar \u00e4r till exempel \u00e4garbostad, sommarstuga, tomt, aktier eller fonder. Information om tillg\u00e5ngar finns p\u00e5 den f\u00f6rhandsifyllda skattedeklarationen. Vid ber\u00e4kning av tillg\u00e5ngar tar vi ocks\u00e5 h\u00e4nsyn till relaterade skulder, till exempel utest\u00e5ende hypoteksl\u00e5n. En redog\u00f6relse f\u00f6r det aktuella saldot p\u00e5 dessa skulder m\u00e5ste l\u00e4mnas.<\/p>\n<p><strong>Intyg om inskrivning<\/strong><br \/>\nOm du \u00e4r heltidsstuderande och f\u00e5r studiest\u00f6d fr\u00e5n FPA ska du l\u00e4mna in ditt studieintyg till oss. Av intyget ska det framg\u00e5 att du \u00e4r n\u00e4rvaroanm\u00e4ld som studerande f\u00f6r den aktuella terminen.<\/p>\n<p><strong>Meddelande om upps\u00e4gning<\/strong><br \/>\nOm du i din ans\u00f6kan har uppgett att ditt nuvarande hyresavtal har sagts upp beh\u00f6ver vi ett skriftligt bevis p\u00e5 detta.<\/p>\n<p>Du kan f\u00f6rse oss med en kopia av n\u00e5got av f\u00f6ljande dokument:<\/p>\n<ul>\n<li>Meddelande om upps\u00e4gning<\/li>\n<li>Meddelande om upps\u00e4gning av hyresavtal<\/li>\n<li>Domstolsbeslut<\/li>\n<\/ul>\n<p>Av handlingen ska det framg\u00e5 n\u00e4r hyresf\u00f6rh\u00e5llandet upph\u00f6rde och adressen till den l\u00e4genhet som upph\u00f6rde.<\/p>\n","protected":false},"excerpt":{"rendered":"<p>VAV hyr ut tv\u00e5 typer av hyresbost\u00e4der i Vanda: statssubventionerade hyresbost\u00e4der (tidigare k\u00e4nda som Ara-hyresbost\u00e4der) och icke-subventionerade hyresbost\u00e4der. F\u00f6r statsunderst\u00f6dda bost\u00e4der kontrollerar vi inkomst- och f\u00f6rm\u00f6genhetsgr\u00e4nser, f\u00f6r \u00f6vriga bost\u00e4der kontrolleras inte dessa uppgifter. L\u00e4s mer om v\u00e5ra hyresbost\u00e4der samt inkomst- och f\u00f6rm\u00f6genhetsgr\u00e4nser. Vi kontrollerar kredithistoriken f\u00f6r alla s\u00f6kande som \u00e4r 18 \u00e5r och \u00e4ldre innan [&hellip;]<\/p>\n","protected":false},"author":11,"featured_media":9830,"parent":11977,"menu_order":30,"comment_status":"closed","ping_status":"closed","template":"","meta":{"_acf_changed":false,"inline_featured_image":false,"footnotes":""},"class_list":["post-11979","page","type-page","status-publish","has-post-thumbnail","hentry"],"acf":[],"yoast_head":"<!-- This site is optimized with the Yoast SEO Premium plugin v27.2 (Yoast SEO v27.2) - https:\/\/yoast.com\/product\/yoast-seo-premium-wordpress\/ -->\n<title>Ans\u00f6ka om en hyresbostad | VAV<\/title>\n<meta name=\"robots\" content=\"index, follow, max-snippet:-1, max-image-preview:large, max-video-preview:-1\" \/>\n<link rel=\"canonical\" href=\"https:\/\/vav.fi\/sv\/for-bostadssokande\/ansoka-om-en-hyresbostad\/\" \/>\n<meta property=\"og:locale\" content=\"sv_SE\" \/>\n<meta property=\"og:type\" content=\"article\" \/>\n<meta property=\"og:title\" content=\"Ans\u00f6ka om en hyresbostad\" \/>\n<meta property=\"og:description\" content=\"VAV hyr ut tv\u00e5 typer av hyresbost\u00e4der i Vanda: statssubventionerade hyresbost\u00e4der (tidigare k\u00e4nda som Ara-hyresbost\u00e4der) och icke-subventionerade hyresbost\u00e4der. F\u00f6r statsunderst\u00f6dda bost\u00e4der kontrollerar vi inkomst- och f\u00f6rm\u00f6genhetsgr\u00e4nser, f\u00f6r \u00f6vriga bost\u00e4der kontrolleras inte dessa uppgifter. L\u00e4s mer om v\u00e5ra hyresbost\u00e4der samt inkomst- och f\u00f6rm\u00f6genhetsgr\u00e4nser. Vi kontrollerar kredithistoriken f\u00f6r alla s\u00f6kande som \u00e4r 18 \u00e5r och \u00e4ldre innan [&hellip;]\" \/>\n<meta property=\"og:url\" content=\"https:\/\/vav.fi\/sv\/for-bostadssokande\/ansoka-om-en-hyresbostad\/\" \/>\n<meta property=\"og:site_name\" content=\"VAV\" \/>\n<meta property=\"article:publisher\" content=\"https:\/\/www.facebook.com\/VAVAsunnot\/\" \/>\n<meta property=\"article:modified_time\" content=\"2025-03-27T06:58:18+00:00\" \/>\n<meta property=\"og:image\" content=\"https:\/\/vav.fi\/wp-content\/uploads\/2023\/06\/VAVfi-asumisneuvonta.jpg\" \/>\n\t<meta property=\"og:image:width\" content=\"1200\" \/>\n\t<meta property=\"og:image:height\" content=\"750\" \/>\n\t<meta property=\"og:image:type\" content=\"image\/jpeg\" \/>\n<meta name=\"twitter:card\" content=\"summary_large_image\" \/>\n<meta name=\"twitter:label1\" content=\"Ber\u00e4knad l\u00e4stid\" \/>\n\t<meta name=\"twitter:data1\" content=\"5 minuter\" \/>\n<script type=\"application\/ld+json\" class=\"yoast-schema-graph\">{\"@context\":\"https:\/\/schema.org\",\"@graph\":[{\"@type\":\"WebPage\",\"@id\":\"https:\/\/vav.fi\/sv\/for-bostadssokande\/ansoka-om-en-hyresbostad\/\",\"url\":\"https:\/\/vav.fi\/sv\/for-bostadssokande\/ansoka-om-en-hyresbostad\/\",\"name\":\"Ans\u00f6ka om en hyresbostad | VAV\",\"isPartOf\":{\"@id\":\"https:\/\/vav.fi\/#website\"},\"primaryImageOfPage\":{\"@id\":\"https:\/\/vav.fi\/sv\/for-bostadssokande\/ansoka-om-en-hyresbostad\/#primaryimage\"},\"image\":{\"@id\":\"https:\/\/vav.fi\/sv\/for-bostadssokande\/ansoka-om-en-hyresbostad\/#primaryimage\"},\"thumbnailUrl\":\"https:\/\/vav.fi\/wp-content\/uploads\/2023\/06\/VAVfi-asumisneuvonta.jpg\",\"datePublished\":\"2025-03-25T07:57:57+00:00\",\"dateModified\":\"2025-03-27T06:58:18+00:00\",\"breadcrumb\":{\"@id\":\"https:\/\/vav.fi\/sv\/for-bostadssokande\/ansoka-om-en-hyresbostad\/#breadcrumb\"},\"inLanguage\":\"sv-SE\",\"potentialAction\":[{\"@type\":\"ReadAction\",\"target\":[\"https:\/\/vav.fi\/sv\/for-bostadssokande\/ansoka-om-en-hyresbostad\/\"]}]},{\"@type\":\"ImageObject\",\"inLanguage\":\"sv-SE\",\"@id\":\"https:\/\/vav.fi\/sv\/for-bostadssokande\/ansoka-om-en-hyresbostad\/#primaryimage\",\"url\":\"https:\/\/vav.fi\/wp-content\/uploads\/2023\/06\/VAVfi-asumisneuvonta.jpg\",\"contentUrl\":\"https:\/\/vav.fi\/wp-content\/uploads\/2023\/06\/VAVfi-asumisneuvonta.jpg\",\"width\":1200,\"height\":750},{\"@type\":\"BreadcrumbList\",\"@id\":\"https:\/\/vav.fi\/sv\/for-bostadssokande\/ansoka-om-en-hyresbostad\/#breadcrumb\",\"itemListElement\":[{\"@type\":\"ListItem\",\"position\":1,\"name\":\"Home\",\"item\":\"https:\/\/vav.fi\/sv\/\"},{\"@type\":\"ListItem\",\"position\":2,\"name\":\"F\u00f6r bostadss\u00f6kande\",\"item\":\"https:\/\/vav.fi\/sv\/for-bostadssokande\/\"},{\"@type\":\"ListItem\",\"position\":3,\"name\":\"Ans\u00f6ka om en hyresbostad\"}]},{\"@type\":\"WebSite\",\"@id\":\"https:\/\/vav.fi\/#website\",\"url\":\"https:\/\/vav.fi\/\",\"name\":\"VAV\",\"description\":\"Helppoa vuokra-asumista suurella syd\u00e4mell\u00e4.\",\"publisher\":{\"@id\":\"https:\/\/vav.fi\/#organization\"},\"potentialAction\":[{\"@type\":\"SearchAction\",\"target\":{\"@type\":\"EntryPoint\",\"urlTemplate\":\"https:\/\/vav.fi\/?s={search_term_string}\"},\"query-input\":{\"@type\":\"PropertyValueSpecification\",\"valueRequired\":true,\"valueName\":\"search_term_string\"}}],\"inLanguage\":\"sv-SE\"},{\"@type\":\"Organization\",\"@id\":\"https:\/\/vav.fi\/#organization\",\"name\":\"VAV\",\"url\":\"https:\/\/vav.fi\/\",\"logo\":{\"@type\":\"ImageObject\",\"inLanguage\":\"sv-SE\",\"@id\":\"https:\/\/vav.fi\/#\/schema\/logo\/image\/\",\"url\":\"https:\/\/vav.fi\/wp-content\/uploads\/2023\/04\/VAV-konserni-original-logo-color-transparent-2023.png\",\"contentUrl\":\"https:\/\/vav.fi\/wp-content\/uploads\/2023\/04\/VAV-konserni-original-logo-color-transparent-2023.png\",\"width\":1782,\"height\":1000,\"caption\":\"VAV\"},\"image\":{\"@id\":\"https:\/\/vav.fi\/#\/schema\/logo\/image\/\"},\"sameAs\":[\"https:\/\/www.facebook.com\/VAVAsunnot\/\",\"https:\/\/www.instagram.com\/vavkonserni\/\",\"https:\/\/www.linkedin.com\/company\/vav-konserni\/\"]}]}<\/script>\n<!-- \/ Yoast SEO Premium plugin. -->","yoast_head_json":{"title":"Ans\u00f6ka om en hyresbostad | VAV","robots":{"index":"index","follow":"follow","max-snippet":"max-snippet:-1","max-image-preview":"max-image-preview:large","max-video-preview":"max-video-preview:-1"},"canonical":"https:\/\/vav.fi\/sv\/for-bostadssokande\/ansoka-om-en-hyresbostad\/","og_locale":"sv_SE","og_type":"article","og_title":"Ans\u00f6ka om en hyresbostad","og_description":"VAV hyr ut tv\u00e5 typer av hyresbost\u00e4der i Vanda: statssubventionerade hyresbost\u00e4der (tidigare k\u00e4nda som Ara-hyresbost\u00e4der) och icke-subventionerade hyresbost\u00e4der. F\u00f6r statsunderst\u00f6dda bost\u00e4der kontrollerar vi inkomst- och f\u00f6rm\u00f6genhetsgr\u00e4nser, f\u00f6r \u00f6vriga bost\u00e4der kontrolleras inte dessa uppgifter. L\u00e4s mer om v\u00e5ra hyresbost\u00e4der samt inkomst- och f\u00f6rm\u00f6genhetsgr\u00e4nser. Vi kontrollerar kredithistoriken f\u00f6r alla s\u00f6kande som \u00e4r 18 \u00e5r och \u00e4ldre innan [&hellip;]","og_url":"https:\/\/vav.fi\/sv\/for-bostadssokande\/ansoka-om-en-hyresbostad\/","og_site_name":"VAV","article_publisher":"https:\/\/www.facebook.com\/VAVAsunnot\/","article_modified_time":"2025-03-27T06:58:18+00:00","og_image":[{"width":1200,"height":750,"url":"https:\/\/vav.fi\/wp-content\/uploads\/2023\/06\/VAVfi-asumisneuvonta.jpg","type":"image\/jpeg"}],"twitter_card":"summary_large_image","twitter_misc":{"Ber\u00e4knad l\u00e4stid":"5 minuter"},"schema":{"@context":"https:\/\/schema.org","@graph":[{"@type":"WebPage","@id":"https:\/\/vav.fi\/sv\/for-bostadssokande\/ansoka-om-en-hyresbostad\/","url":"https:\/\/vav.fi\/sv\/for-bostadssokande\/ansoka-om-en-hyresbostad\/","name":"Ans\u00f6ka om en hyresbostad | VAV","isPartOf":{"@id":"https:\/\/vav.fi\/#website"},"primaryImageOfPage":{"@id":"https:\/\/vav.fi\/sv\/for-bostadssokande\/ansoka-om-en-hyresbostad\/#primaryimage"},"image":{"@id":"https:\/\/vav.fi\/sv\/for-bostadssokande\/ansoka-om-en-hyresbostad\/#primaryimage"},"thumbnailUrl":"https:\/\/vav.fi\/wp-content\/uploads\/2023\/06\/VAVfi-asumisneuvonta.jpg","datePublished":"2025-03-25T07:57:57+00:00","dateModified":"2025-03-27T06:58:18+00:00","breadcrumb":{"@id":"https:\/\/vav.fi\/sv\/for-bostadssokande\/ansoka-om-en-hyresbostad\/#breadcrumb"},"inLanguage":"sv-SE","potentialAction":[{"@type":"ReadAction","target":["https:\/\/vav.fi\/sv\/for-bostadssokande\/ansoka-om-en-hyresbostad\/"]}]},{"@type":"ImageObject","inLanguage":"sv-SE","@id":"https:\/\/vav.fi\/sv\/for-bostadssokande\/ansoka-om-en-hyresbostad\/#primaryimage","url":"https:\/\/vav.fi\/wp-content\/uploads\/2023\/06\/VAVfi-asumisneuvonta.jpg","contentUrl":"https:\/\/vav.fi\/wp-content\/uploads\/2023\/06\/VAVfi-asumisneuvonta.jpg","width":1200,"height":750},{"@type":"BreadcrumbList","@id":"https:\/\/vav.fi\/sv\/for-bostadssokande\/ansoka-om-en-hyresbostad\/#breadcrumb","itemListElement":[{"@type":"ListItem","position":1,"name":"Home","item":"https:\/\/vav.fi\/sv\/"},{"@type":"ListItem","position":2,"name":"F\u00f6r bostadss\u00f6kande","item":"https:\/\/vav.fi\/sv\/for-bostadssokande\/"},{"@type":"ListItem","position":3,"name":"Ans\u00f6ka om en hyresbostad"}]},{"@type":"WebSite","@id":"https:\/\/vav.fi\/#website","url":"https:\/\/vav.fi\/","name":"VAV","description":"Helppoa vuokra-asumista suurella syd\u00e4mell\u00e4.","publisher":{"@id":"https:\/\/vav.fi\/#organization"},"potentialAction":[{"@type":"SearchAction","target":{"@type":"EntryPoint","urlTemplate":"https:\/\/vav.fi\/?s={search_term_string}"},"query-input":{"@type":"PropertyValueSpecification","valueRequired":true,"valueName":"search_term_string"}}],"inLanguage":"sv-SE"},{"@type":"Organization","@id":"https:\/\/vav.fi\/#organization","name":"VAV","url":"https:\/\/vav.fi\/","logo":{"@type":"ImageObject","inLanguage":"sv-SE","@id":"https:\/\/vav.fi\/#\/schema\/logo\/image\/","url":"https:\/\/vav.fi\/wp-content\/uploads\/2023\/04\/VAV-konserni-original-logo-color-transparent-2023.png","contentUrl":"https:\/\/vav.fi\/wp-content\/uploads\/2023\/04\/VAV-konserni-original-logo-color-transparent-2023.png","width":1782,"height":1000,"caption":"VAV"},"image":{"@id":"https:\/\/vav.fi\/#\/schema\/logo\/image\/"},"sameAs":["https:\/\/www.facebook.com\/VAVAsunnot\/","https:\/\/www.instagram.com\/vavkonserni\/","https:\/\/www.linkedin.com\/company\/vav-konserni\/"]}]}},"_links":{"self":[{"href":"https:\/\/vav.fi\/sv\/wp-json\/wp\/v2\/pages\/11979","targetHints":{"allow":["GET"]}}],"collection":[{"href":"https:\/\/vav.fi\/sv\/wp-json\/wp\/v2\/pages"}],"about":[{"href":"https:\/\/vav.fi\/sv\/wp-json\/wp\/v2\/types\/page"}],"author":[{"embeddable":true,"href":"https:\/\/vav.fi\/sv\/wp-json\/wp\/v2\/users\/11"}],"replies":[{"embeddable":true,"href":"https:\/\/vav.fi\/sv\/wp-json\/wp\/v2\/comments?post=11979"}],"version-history":[{"count":7,"href":"https:\/\/vav.fi\/sv\/wp-json\/wp\/v2\/pages\/11979\/revisions"}],"predecessor-version":[{"id":12128,"href":"https:\/\/vav.fi\/sv\/wp-json\/wp\/v2\/pages\/11979\/revisions\/12128"}],"up":[{"embeddable":true,"href":"https:\/\/vav.fi\/sv\/wp-json\/wp\/v2\/pages\/11977"}],"wp:featuredmedia":[{"embeddable":true,"href":"https:\/\/vav.fi\/sv\/wp-json\/wp\/v2\/media\/9830"}],"wp:attachment":[{"href":"https:\/\/vav.fi\/sv\/wp-json\/wp\/v2\/media?parent=11979"}],"curies":[{"name":"wp","href":"https:\/\/api.w.org\/{rel}","templated":true}]}}