{"id":11988,"date":"2025-03-25T09:57:03","date_gmt":"2025-03-25T07:57:03","guid":{"rendered":"https:\/\/vav.fi\/?page_id=11988"},"modified":"2025-03-27T08:57:42","modified_gmt":"2025-03-27T06:57:42","slug":"vem-kan-ansoka-om-bostad","status":"publish","type":"page","link":"https:\/\/vav.fi\/sv\/for-bostadssokande\/vem-kan-ansoka-om-bostad\/","title":{"rendered":"Vem kan ans\u00f6ka om bostad"},"content":{"rendered":"<p>S\u00f6kande som \u00e4r 18 \u00e5r och \u00e4ldre i olika livssituationer kan ans\u00f6ka om VAV-hyresbost\u00e4der.<br \/>\nF\u00f6r att ans\u00f6ka om VAV-bostad m\u00e5ste du ha<\/p>\n<ul>\n<li>ett finskt personnummer och<\/li>\n<li>en giltig e-postadress.<\/li>\n<\/ul>\n<p>Du kan ans\u00f6ka om en hyresbostad oavsett om du \u00e4r anst\u00e4lld, egenf\u00f6retagare, arbetsl\u00f6s, pension\u00e4r eller studerande. Vi v\u00e4lkomnar \u00e4ven husdjur som familjemedlemmar, s\u00e5 husdjur \u00e4r inget hinder f\u00f6r att f\u00e5 en l\u00e4genhet.<\/p>\n<p>F\u00f6r hyresbost\u00e4der som byggs med statlig finansiering (tidigare k\u00e4nda som Ara-bost\u00e4der) \u00e4r villkoret f\u00f6r tillg\u00e5ng till bost\u00e4der det br\u00e5dskande bostadsbehovet. Ett br\u00e5dskande behov av bostad kan bero p\u00e5 ett nytt jobb p\u00e5 en ny plats, upps\u00e4gning av ett befintligt hyresf\u00f6rh\u00e5llande, en ny familjemedlem eller andra livsf\u00f6r\u00e4ndringar. Dessutom f\u00e5r inkomsterna eller f\u00f6rm\u00f6genheten hos den som ans\u00f6ker om en statligt subventionerad hyresbostad inte \u00f6verstiga de fastst\u00e4llda gr\u00e4nserna.<\/p>\n<p>Om du ans\u00f6ker om subventionerade VAV-bost\u00e4der granskas inte inkomst- och f\u00f6rm\u00f6genhetsgr\u00e4nserna.<\/p>\n<h2>Vi kontrollerar din kredithistoria<\/h2>\n<p>Vi kontrollerar din kredithistoria, men kreditproblem \u00e4r inte ett hinder f\u00f6r att f\u00e5 en bostad i statligt finansierade hyresbost\u00e4der (Ara-bost\u00e4der). F\u00f6ruts\u00e4ttningen \u00e4r att st\u00f6rningarna \u00e4r sm\u00e5 eller att betalningsanm\u00e4rkningarnas historia tyder p\u00e5 att de inte \u00e4r \u00e5terkommande. Vi kommer dock inte att erbjuda hyresbost\u00e4der till s\u00f6kande vars kreditupplysningar visar obetalda hyresskulder. I detta fall m\u00e5ste den s\u00f6kande l\u00e4mna in ett intyg fr\u00e5n hyresv\u00e4rden eller inkassobyr\u00e5n \u00f6ver de obetalda hyresskulderna s\u00e5 snart som m\u00f6jligt efter att ans\u00f6kan har l\u00e4mnats in. F\u00f6r hyresskulder \u00e4r det ocks\u00e5 m\u00f6jligt att uppvisa en betalningsplan f\u00f6r reglering av skulderna, till exempel hos ekonomi- och skuldr\u00e5dgivningen eller kronofogden, samt kvitton p\u00e5 redan betalda delbetalningar.<\/p>\n<p>Om du har obetalda hyror eller andra betalningar till VAV kommer du inte att komma ifr\u00e5ga f\u00f6r hyreskontrakt f\u00f6rr\u00e4n hela skulden \u00e4r betald. Eventuella varningar som du har f\u00e5tt om st\u00f6rningar kan ocks\u00e5 p\u00e5verka din tillg\u00e5ng till boende.<\/p>\n<p>Om du ans\u00f6ker om en av v\u00e5ra icke \u00e5terbetalningsbara fastigheter och har en kredithistoria kommer du inte att kunna f\u00e5 en bostad fr\u00e5n oss.<\/p>\n<p><a class=\"button\" href=\"https:\/\/hakemus.tampuuri.fi\/vav\/\" target=\"_blank\" rel=\"noopener\">Fyll i bostadsans\u00f6kan<\/a><\/p>\n","protected":false},"excerpt":{"rendered":"<p>S\u00f6kande som \u00e4r 18 \u00e5r och \u00e4ldre i olika livssituationer kan ans\u00f6ka om VAV-hyresbost\u00e4der. F\u00f6r att ans\u00f6ka om VAV-bostad m\u00e5ste du ha ett finskt personnummer och en giltig e-postadress. Du kan ans\u00f6ka om en hyresbostad oavsett om du \u00e4r anst\u00e4lld, egenf\u00f6retagare, arbetsl\u00f6s, pension\u00e4r eller studerande. Vi v\u00e4lkomnar \u00e4ven husdjur som familjemedlemmar, s\u00e5 husdjur \u00e4r inget [&hellip;]<\/p>\n","protected":false},"author":11,"featured_media":9832,"parent":11977,"menu_order":27,"comment_status":"closed","ping_status":"closed","template":"","meta":{"_acf_changed":false,"inline_featured_image":false,"footnotes":""},"class_list":["post-11988","page","type-page","status-publish","has-post-thumbnail","hentry"],"acf":[],"yoast_head":"<!-- This site is optimized with the Yoast SEO Premium plugin v27.2 (Yoast SEO v27.2) - https:\/\/yoast.com\/product\/yoast-seo-premium-wordpress\/ -->\n<title>Vem kan ans\u00f6ka om bostad | VAV<\/title>\n<meta name=\"robots\" content=\"index, follow, max-snippet:-1, max-image-preview:large, max-video-preview:-1\" \/>\n<link rel=\"canonical\" href=\"https:\/\/vav.fi\/sv\/for-bostadssokande\/vem-kan-ansoka-om-bostad\/\" \/>\n<meta property=\"og:locale\" content=\"sv_SE\" \/>\n<meta property=\"og:type\" content=\"article\" \/>\n<meta property=\"og:title\" content=\"Vem kan ans\u00f6ka om bostad\" \/>\n<meta property=\"og:description\" content=\"S\u00f6kande som \u00e4r 18 \u00e5r och \u00e4ldre i olika livssituationer kan ans\u00f6ka om VAV-hyresbost\u00e4der. F\u00f6r att ans\u00f6ka om VAV-bostad m\u00e5ste du ha ett finskt personnummer och en giltig e-postadress. Du kan ans\u00f6ka om en hyresbostad oavsett om du \u00e4r anst\u00e4lld, egenf\u00f6retagare, arbetsl\u00f6s, pension\u00e4r eller studerande. Vi v\u00e4lkomnar \u00e4ven husdjur som familjemedlemmar, s\u00e5 husdjur \u00e4r inget [&hellip;]\" \/>\n<meta property=\"og:url\" content=\"https:\/\/vav.fi\/sv\/for-bostadssokande\/vem-kan-ansoka-om-bostad\/\" \/>\n<meta property=\"og:site_name\" content=\"VAV\" \/>\n<meta property=\"article:publisher\" content=\"https:\/\/www.facebook.com\/VAVAsunnot\/\" \/>\n<meta property=\"article:modified_time\" content=\"2025-03-27T06:57:42+00:00\" \/>\n<meta property=\"og:image\" content=\"https:\/\/vav.fi\/wp-content\/uploads\/2023\/06\/Vavfi-vuokrasopimuksen-irtisanominen.jpg\" \/>\n\t<meta property=\"og:image:width\" content=\"1200\" \/>\n\t<meta property=\"og:image:height\" content=\"750\" \/>\n\t<meta property=\"og:image:type\" content=\"image\/jpeg\" \/>\n<meta name=\"twitter:card\" content=\"summary_large_image\" \/>\n<meta name=\"twitter:label1\" content=\"Ber\u00e4knad l\u00e4stid\" \/>\n\t<meta name=\"twitter:data1\" content=\"3 minuter\" \/>\n<script type=\"application\/ld+json\" class=\"yoast-schema-graph\">{\"@context\":\"https:\/\/schema.org\",\"@graph\":[{\"@type\":\"WebPage\",\"@id\":\"https:\/\/vav.fi\/sv\/for-bostadssokande\/vem-kan-ansoka-om-bostad\/\",\"url\":\"https:\/\/vav.fi\/sv\/for-bostadssokande\/vem-kan-ansoka-om-bostad\/\",\"name\":\"Vem kan ans\u00f6ka om bostad | VAV\",\"isPartOf\":{\"@id\":\"https:\/\/vav.fi\/#website\"},\"primaryImageOfPage\":{\"@id\":\"https:\/\/vav.fi\/sv\/for-bostadssokande\/vem-kan-ansoka-om-bostad\/#primaryimage\"},\"image\":{\"@id\":\"https:\/\/vav.fi\/sv\/for-bostadssokande\/vem-kan-ansoka-om-bostad\/#primaryimage\"},\"thumbnailUrl\":\"https:\/\/vav.fi\/wp-content\/uploads\/2023\/06\/Vavfi-vuokrasopimuksen-irtisanominen.jpg\",\"datePublished\":\"2025-03-25T07:57:03+00:00\",\"dateModified\":\"2025-03-27T06:57:42+00:00\",\"breadcrumb\":{\"@id\":\"https:\/\/vav.fi\/sv\/for-bostadssokande\/vem-kan-ansoka-om-bostad\/#breadcrumb\"},\"inLanguage\":\"sv-SE\",\"potentialAction\":[{\"@type\":\"ReadAction\",\"target\":[\"https:\/\/vav.fi\/sv\/for-bostadssokande\/vem-kan-ansoka-om-bostad\/\"]}]},{\"@type\":\"ImageObject\",\"inLanguage\":\"sv-SE\",\"@id\":\"https:\/\/vav.fi\/sv\/for-bostadssokande\/vem-kan-ansoka-om-bostad\/#primaryimage\",\"url\":\"https:\/\/vav.fi\/wp-content\/uploads\/2023\/06\/Vavfi-vuokrasopimuksen-irtisanominen.jpg\",\"contentUrl\":\"https:\/\/vav.fi\/wp-content\/uploads\/2023\/06\/Vavfi-vuokrasopimuksen-irtisanominen.jpg\",\"width\":1200,\"height\":750},{\"@type\":\"BreadcrumbList\",\"@id\":\"https:\/\/vav.fi\/sv\/for-bostadssokande\/vem-kan-ansoka-om-bostad\/#breadcrumb\",\"itemListElement\":[{\"@type\":\"ListItem\",\"position\":1,\"name\":\"Home\",\"item\":\"https:\/\/vav.fi\/sv\/\"},{\"@type\":\"ListItem\",\"position\":2,\"name\":\"F\u00f6r bostadss\u00f6kande\",\"item\":\"https:\/\/vav.fi\/sv\/for-bostadssokande\/\"},{\"@type\":\"ListItem\",\"position\":3,\"name\":\"Vem kan ans\u00f6ka om bostad\"}]},{\"@type\":\"WebSite\",\"@id\":\"https:\/\/vav.fi\/#website\",\"url\":\"https:\/\/vav.fi\/\",\"name\":\"VAV\",\"description\":\"Helppoa vuokra-asumista suurella syd\u00e4mell\u00e4.\",\"publisher\":{\"@id\":\"https:\/\/vav.fi\/#organization\"},\"potentialAction\":[{\"@type\":\"SearchAction\",\"target\":{\"@type\":\"EntryPoint\",\"urlTemplate\":\"https:\/\/vav.fi\/?s={search_term_string}\"},\"query-input\":{\"@type\":\"PropertyValueSpecification\",\"valueRequired\":true,\"valueName\":\"search_term_string\"}}],\"inLanguage\":\"sv-SE\"},{\"@type\":\"Organization\",\"@id\":\"https:\/\/vav.fi\/#organization\",\"name\":\"VAV\",\"url\":\"https:\/\/vav.fi\/\",\"logo\":{\"@type\":\"ImageObject\",\"inLanguage\":\"sv-SE\",\"@id\":\"https:\/\/vav.fi\/#\/schema\/logo\/image\/\",\"url\":\"https:\/\/vav.fi\/wp-content\/uploads\/2023\/04\/VAV-konserni-original-logo-color-transparent-2023.png\",\"contentUrl\":\"https:\/\/vav.fi\/wp-content\/uploads\/2023\/04\/VAV-konserni-original-logo-color-transparent-2023.png\",\"width\":1782,\"height\":1000,\"caption\":\"VAV\"},\"image\":{\"@id\":\"https:\/\/vav.fi\/#\/schema\/logo\/image\/\"},\"sameAs\":[\"https:\/\/www.facebook.com\/VAVAsunnot\/\",\"https:\/\/www.instagram.com\/vavkonserni\/\",\"https:\/\/www.linkedin.com\/company\/vav-konserni\/\"]}]}<\/script>\n<!-- \/ Yoast SEO Premium plugin. -->","yoast_head_json":{"title":"Vem kan ans\u00f6ka om bostad | VAV","robots":{"index":"index","follow":"follow","max-snippet":"max-snippet:-1","max-image-preview":"max-image-preview:large","max-video-preview":"max-video-preview:-1"},"canonical":"https:\/\/vav.fi\/sv\/for-bostadssokande\/vem-kan-ansoka-om-bostad\/","og_locale":"sv_SE","og_type":"article","og_title":"Vem kan ans\u00f6ka om bostad","og_description":"S\u00f6kande som \u00e4r 18 \u00e5r och \u00e4ldre i olika livssituationer kan ans\u00f6ka om VAV-hyresbost\u00e4der. F\u00f6r att ans\u00f6ka om VAV-bostad m\u00e5ste du ha ett finskt personnummer och en giltig e-postadress. Du kan ans\u00f6ka om en hyresbostad oavsett om du \u00e4r anst\u00e4lld, egenf\u00f6retagare, arbetsl\u00f6s, pension\u00e4r eller studerande. Vi v\u00e4lkomnar \u00e4ven husdjur som familjemedlemmar, s\u00e5 husdjur \u00e4r inget [&hellip;]","og_url":"https:\/\/vav.fi\/sv\/for-bostadssokande\/vem-kan-ansoka-om-bostad\/","og_site_name":"VAV","article_publisher":"https:\/\/www.facebook.com\/VAVAsunnot\/","article_modified_time":"2025-03-27T06:57:42+00:00","og_image":[{"width":1200,"height":750,"url":"https:\/\/vav.fi\/wp-content\/uploads\/2023\/06\/Vavfi-vuokrasopimuksen-irtisanominen.jpg","type":"image\/jpeg"}],"twitter_card":"summary_large_image","twitter_misc":{"Ber\u00e4knad l\u00e4stid":"3 minuter"},"schema":{"@context":"https:\/\/schema.org","@graph":[{"@type":"WebPage","@id":"https:\/\/vav.fi\/sv\/for-bostadssokande\/vem-kan-ansoka-om-bostad\/","url":"https:\/\/vav.fi\/sv\/for-bostadssokande\/vem-kan-ansoka-om-bostad\/","name":"Vem kan ans\u00f6ka om bostad | VAV","isPartOf":{"@id":"https:\/\/vav.fi\/#website"},"primaryImageOfPage":{"@id":"https:\/\/vav.fi\/sv\/for-bostadssokande\/vem-kan-ansoka-om-bostad\/#primaryimage"},"image":{"@id":"https:\/\/vav.fi\/sv\/for-bostadssokande\/vem-kan-ansoka-om-bostad\/#primaryimage"},"thumbnailUrl":"https:\/\/vav.fi\/wp-content\/uploads\/2023\/06\/Vavfi-vuokrasopimuksen-irtisanominen.jpg","datePublished":"2025-03-25T07:57:03+00:00","dateModified":"2025-03-27T06:57:42+00:00","breadcrumb":{"@id":"https:\/\/vav.fi\/sv\/for-bostadssokande\/vem-kan-ansoka-om-bostad\/#breadcrumb"},"inLanguage":"sv-SE","potentialAction":[{"@type":"ReadAction","target":["https:\/\/vav.fi\/sv\/for-bostadssokande\/vem-kan-ansoka-om-bostad\/"]}]},{"@type":"ImageObject","inLanguage":"sv-SE","@id":"https:\/\/vav.fi\/sv\/for-bostadssokande\/vem-kan-ansoka-om-bostad\/#primaryimage","url":"https:\/\/vav.fi\/wp-content\/uploads\/2023\/06\/Vavfi-vuokrasopimuksen-irtisanominen.jpg","contentUrl":"https:\/\/vav.fi\/wp-content\/uploads\/2023\/06\/Vavfi-vuokrasopimuksen-irtisanominen.jpg","width":1200,"height":750},{"@type":"BreadcrumbList","@id":"https:\/\/vav.fi\/sv\/for-bostadssokande\/vem-kan-ansoka-om-bostad\/#breadcrumb","itemListElement":[{"@type":"ListItem","position":1,"name":"Home","item":"https:\/\/vav.fi\/sv\/"},{"@type":"ListItem","position":2,"name":"F\u00f6r bostadss\u00f6kande","item":"https:\/\/vav.fi\/sv\/for-bostadssokande\/"},{"@type":"ListItem","position":3,"name":"Vem kan ans\u00f6ka om bostad"}]},{"@type":"WebSite","@id":"https:\/\/vav.fi\/#website","url":"https:\/\/vav.fi\/","name":"VAV","description":"Helppoa vuokra-asumista suurella syd\u00e4mell\u00e4.","publisher":{"@id":"https:\/\/vav.fi\/#organization"},"potentialAction":[{"@type":"SearchAction","target":{"@type":"EntryPoint","urlTemplate":"https:\/\/vav.fi\/?s={search_term_string}"},"query-input":{"@type":"PropertyValueSpecification","valueRequired":true,"valueName":"search_term_string"}}],"inLanguage":"sv-SE"},{"@type":"Organization","@id":"https:\/\/vav.fi\/#organization","name":"VAV","url":"https:\/\/vav.fi\/","logo":{"@type":"ImageObject","inLanguage":"sv-SE","@id":"https:\/\/vav.fi\/#\/schema\/logo\/image\/","url":"https:\/\/vav.fi\/wp-content\/uploads\/2023\/04\/VAV-konserni-original-logo-color-transparent-2023.png","contentUrl":"https:\/\/vav.fi\/wp-content\/uploads\/2023\/04\/VAV-konserni-original-logo-color-transparent-2023.png","width":1782,"height":1000,"caption":"VAV"},"image":{"@id":"https:\/\/vav.fi\/#\/schema\/logo\/image\/"},"sameAs":["https:\/\/www.facebook.com\/VAVAsunnot\/","https:\/\/www.instagram.com\/vavkonserni\/","https:\/\/www.linkedin.com\/company\/vav-konserni\/"]}]}},"_links":{"self":[{"href":"https:\/\/vav.fi\/sv\/wp-json\/wp\/v2\/pages\/11988","targetHints":{"allow":["GET"]}}],"collection":[{"href":"https:\/\/vav.fi\/sv\/wp-json\/wp\/v2\/pages"}],"about":[{"href":"https:\/\/vav.fi\/sv\/wp-json\/wp\/v2\/types\/page"}],"author":[{"embeddable":true,"href":"https:\/\/vav.fi\/sv\/wp-json\/wp\/v2\/users\/11"}],"replies":[{"embeddable":true,"href":"https:\/\/vav.fi\/sv\/wp-json\/wp\/v2\/comments?post=11988"}],"version-history":[{"count":3,"href":"https:\/\/vav.fi\/sv\/wp-json\/wp\/v2\/pages\/11988\/revisions"}],"predecessor-version":[{"id":12127,"href":"https:\/\/vav.fi\/sv\/wp-json\/wp\/v2\/pages\/11988\/revisions\/12127"}],"up":[{"embeddable":true,"href":"https:\/\/vav.fi\/sv\/wp-json\/wp\/v2\/pages\/11977"}],"wp:featuredmedia":[{"embeddable":true,"href":"https:\/\/vav.fi\/sv\/wp-json\/wp\/v2\/media\/9832"}],"wp:attachment":[{"href":"https:\/\/vav.fi\/sv\/wp-json\/wp\/v2\/media?parent=11988"}],"curies":[{"name":"wp","href":"https:\/\/api.w.org\/{rel}","templated":true}]}}