{"id":11992,"date":"2025-03-25T09:57:42","date_gmt":"2025-03-25T07:57:42","guid":{"rendered":"https:\/\/vav.fi\/?page_id=11992"},"modified":"2025-03-25T10:58:58","modified_gmt":"2025-03-25T08:58:58","slug":"inkomst-och-tillgangsgranser","status":"publish","type":"page","link":"https:\/\/vav.fi\/sv\/for-bostadssokande\/vem-kan-ansoka-om-bostad\/inkomst-och-tillgangsgranser\/","title":{"rendered":"Inkomst- och tillg\u00e5ngsgr\u00e4nser"},"content":{"rendered":"<p>Vi kontrollerar den s\u00f6kandes inkomst och tillg\u00e5ngar eftersom:<\/p>\n<ul>\n<li>Vi ser till att bost\u00e4derna tilldelas dem som \u00e4r i st\u00f6rst behov av bost\u00e4der<\/li>\n<li>Vi fr\u00e4mjar prisv\u00e4rda bost\u00e4der: vi tillhandah\u00e5ller bost\u00e4der f\u00f6r dem f\u00f6r vilka hyrorna i marknadsanpassade bost\u00e4der kan vara f\u00f6r h\u00f6ga.<\/li>\n<li>Vi f\u00f6ljer lagar och riktlinjer: inkomst- och tillg\u00e5ngsgr\u00e4nser baseras p\u00e5 lagstiftning [l\u00e4nk till -vad?] och s\u00e4kerst\u00e4ller att vi agerar r\u00e4ttvist och transparent.<\/li>\n<\/ul>\n<p>V\u00e5rt m\u00e5l \u00e4r att tillhandah\u00e5lla s\u00e4kra och bekv\u00e4ma hem f\u00f6r alla. Granskningsprocessen \u00e4r en del av detta arbete och hj\u00e4lper oss att uppr\u00e4tth\u00e5lla en sund process f\u00f6r val av hyresg\u00e4ster.<\/p>\n<h2>Inkomst- och tillg\u00e5ngsgr\u00e4nser i Vanda<\/h2>\n<p>Om du \u00e4r anst\u00e4lld kan du fortfarande ans\u00f6ka om Ara-hyresbost\u00e4der som subventioneras av staten. Dina inkomster eller tillg\u00e5ngar f\u00e5r inte \u00f6verskrida de angivna gr\u00e4nserna.<\/p>\n<h3>Inkomstgr\u00e4nser fr\u00e5n och med 1.1.2025<\/h3>\n<table class=\"wp-editor-table\">\n<tbody>\n<tr>\n<td style=\"width: 130.333px;\"><strong>Person(er)<\/strong><\/td>\n<td style=\"width: 87.5972px;\"><strong>Inkomst (totalt)<\/strong><\/td>\n<\/tr>\n<tr>\n<td style=\"width: 130.333px;\">1 vuxen<\/td>\n<td style=\"width: 87.5972px;\">3 540 \u20ac<\/td>\n<\/tr>\n<tr>\n<td style=\"width: 130.333px;\">2 vuxna<\/td>\n<td style=\"width: 87.5972px;\">6 020 \u20ac<\/td>\n<\/tr>\n<tr>\n<td style=\"width: 130.333px;\">1 vuxen ja 1 barn<\/td>\n<td style=\"width: 87.5972px;\">4 190 \u20ac<\/td>\n<\/tr>\n<tr>\n<td style=\"width: 130.333px;\">2 vuxna ja 1 barn<\/td>\n<td style=\"width: 87.5972px;\">6 670 \u20ac<\/td>\n<\/tr>\n<tr>\n<td style=\"width: 130.333px;\">2 vuxna ja 2 barn<\/td>\n<td style=\"width: 87.5972px;\">7 270 \u20ac<\/td>\n<\/tr>\n<\/tbody>\n<\/table>\n<h3>Tillg\u00e5ngsgr\u00e4nser fr\u00e5n och med 1.1.2025<\/h3>\n<table class=\"wp-editor-table\" style=\"width: 19.2757%; border-collapse: collapse;\">\n<tbody>\n<tr style=\"height: 48px;\">\n<td style=\"width: 50%; height: 48px;\"><strong>Person(er)<\/strong><\/td>\n<td style=\"width: 50%; height: 48px;\"><strong>Tillg\u00e5ngs (totalt)<\/strong><\/td>\n<\/tr>\n<tr style=\"height: 24px;\">\n<td style=\"width: 50%; height: 24px;\">1<\/td>\n<td style=\"width: 50%; height: 24px;\">53 000 \u20ac<\/td>\n<\/tr>\n<tr style=\"height: 24px;\">\n<td style=\"width: 50%; height: 24px;\">2<\/td>\n<td style=\"width: 50%; height: 24px;\">66 000 \u20ac<\/td>\n<\/tr>\n<tr style=\"height: 24px;\">\n<td style=\"width: 50%; height: 24px;\">3<\/td>\n<td style=\"width: 50%; height: 24px;\">88 000 \u20ac<\/td>\n<\/tr>\n<tr style=\"height: 24px;\">\n<td style=\"width: 50%; height: 24px;\">4<\/td>\n<td style=\"width: 50%; height: 24px;\">98 000 \u20ac<\/td>\n<\/tr>\n<tr style=\"height: 24px;\">\n<td style=\"width: 50%; height: 24px;\">5<\/td>\n<td style=\"width: 50%; height: 24px;\">108 000 \u20ac<\/td>\n<\/tr>\n<tr style=\"height: 48px;\">\n<td style=\"width: 50%; height: 48px;\" colspan=\"2\">F\u00f6r varje ytterligare person d\u00e4refter + 10 000 EUR.<\/td>\n<\/tr>\n<\/tbody>\n<\/table>\n","protected":false},"excerpt":{"rendered":"<p>Vi kontrollerar den s\u00f6kandes inkomst och tillg\u00e5ngar eftersom: Vi ser till att bost\u00e4derna tilldelas dem som \u00e4r i st\u00f6rst behov av bost\u00e4der Vi fr\u00e4mjar prisv\u00e4rda bost\u00e4der: vi tillhandah\u00e5ller bost\u00e4der f\u00f6r dem f\u00f6r vilka hyrorna i marknadsanpassade bost\u00e4der kan vara f\u00f6r h\u00f6ga. Vi f\u00f6ljer lagar och riktlinjer: inkomst- och tillg\u00e5ngsgr\u00e4nser baseras p\u00e5 lagstiftning [l\u00e4nk till -vad?] [&hellip;]<\/p>\n","protected":false},"author":11,"featured_media":9827,"parent":11988,"menu_order":24,"comment_status":"closed","ping_status":"closed","template":"","meta":{"_acf_changed":false,"inline_featured_image":false,"footnotes":""},"class_list":["post-11992","page","type-page","status-publish","has-post-thumbnail","hentry"],"acf":[],"yoast_head":"<!-- This site is optimized with the Yoast SEO Premium plugin v27.2 (Yoast SEO v27.2) - https:\/\/yoast.com\/product\/yoast-seo-premium-wordpress\/ -->\n<title>Inkomst- och tillg\u00e5ngsgr\u00e4nser | VAV<\/title>\n<meta name=\"robots\" content=\"index, follow, max-snippet:-1, max-image-preview:large, max-video-preview:-1\" \/>\n<link rel=\"canonical\" href=\"https:\/\/vav.fi\/sv\/for-bostadssokande\/vem-kan-ansoka-om-bostad\/inkomst-och-tillgangsgranser\/\" \/>\n<meta property=\"og:locale\" content=\"sv_SE\" \/>\n<meta property=\"og:type\" content=\"article\" \/>\n<meta property=\"og:title\" content=\"Inkomst- och tillg\u00e5ngsgr\u00e4nser\" \/>\n<meta property=\"og:description\" content=\"Vi kontrollerar den s\u00f6kandes inkomst och tillg\u00e5ngar eftersom: Vi ser till att bost\u00e4derna tilldelas dem som \u00e4r i st\u00f6rst behov av bost\u00e4der Vi fr\u00e4mjar prisv\u00e4rda bost\u00e4der: vi tillhandah\u00e5ller bost\u00e4der f\u00f6r dem f\u00f6r vilka hyrorna i marknadsanpassade bost\u00e4der kan vara f\u00f6r h\u00f6ga. Vi f\u00f6ljer lagar och riktlinjer: inkomst- och tillg\u00e5ngsgr\u00e4nser baseras p\u00e5 lagstiftning [l\u00e4nk till -vad?] [&hellip;]\" \/>\n<meta property=\"og:url\" content=\"https:\/\/vav.fi\/sv\/for-bostadssokande\/vem-kan-ansoka-om-bostad\/inkomst-och-tillgangsgranser\/\" \/>\n<meta property=\"og:site_name\" content=\"VAV\" \/>\n<meta property=\"article:publisher\" content=\"https:\/\/www.facebook.com\/VAVAsunnot\/\" \/>\n<meta property=\"article:modified_time\" content=\"2025-03-25T08:58:58+00:00\" \/>\n<meta property=\"og:image\" content=\"https:\/\/vav.fi\/wp-content\/uploads\/2023\/06\/VAV.fi-kuvituskuva-7.jpg\" \/>\n\t<meta property=\"og:image:width\" content=\"1200\" \/>\n\t<meta property=\"og:image:height\" content=\"750\" \/>\n\t<meta property=\"og:image:type\" content=\"image\/jpeg\" \/>\n<meta name=\"twitter:card\" content=\"summary_large_image\" \/>\n<meta name=\"twitter:label1\" content=\"Ber\u00e4knad l\u00e4stid\" \/>\n\t<meta name=\"twitter:data1\" content=\"2 minuter\" \/>\n<script type=\"application\/ld+json\" class=\"yoast-schema-graph\">{\"@context\":\"https:\/\/schema.org\",\"@graph\":[{\"@type\":\"WebPage\",\"@id\":\"https:\/\/vav.fi\/sv\/for-bostadssokande\/vem-kan-ansoka-om-bostad\/inkomst-och-tillgangsgranser\/\",\"url\":\"https:\/\/vav.fi\/sv\/for-bostadssokande\/vem-kan-ansoka-om-bostad\/inkomst-och-tillgangsgranser\/\",\"name\":\"Inkomst- och tillg\u00e5ngsgr\u00e4nser | VAV\",\"isPartOf\":{\"@id\":\"https:\/\/vav.fi\/#website\"},\"primaryImageOfPage\":{\"@id\":\"https:\/\/vav.fi\/sv\/for-bostadssokande\/vem-kan-ansoka-om-bostad\/inkomst-och-tillgangsgranser\/#primaryimage\"},\"image\":{\"@id\":\"https:\/\/vav.fi\/sv\/for-bostadssokande\/vem-kan-ansoka-om-bostad\/inkomst-och-tillgangsgranser\/#primaryimage\"},\"thumbnailUrl\":\"https:\/\/vav.fi\/wp-content\/uploads\/2023\/06\/VAV.fi-kuvituskuva-7.jpg\",\"datePublished\":\"2025-03-25T07:57:42+00:00\",\"dateModified\":\"2025-03-25T08:58:58+00:00\",\"breadcrumb\":{\"@id\":\"https:\/\/vav.fi\/sv\/for-bostadssokande\/vem-kan-ansoka-om-bostad\/inkomst-och-tillgangsgranser\/#breadcrumb\"},\"inLanguage\":\"sv-SE\",\"potentialAction\":[{\"@type\":\"ReadAction\",\"target\":[\"https:\/\/vav.fi\/sv\/for-bostadssokande\/vem-kan-ansoka-om-bostad\/inkomst-och-tillgangsgranser\/\"]}]},{\"@type\":\"ImageObject\",\"inLanguage\":\"sv-SE\",\"@id\":\"https:\/\/vav.fi\/sv\/for-bostadssokande\/vem-kan-ansoka-om-bostad\/inkomst-och-tillgangsgranser\/#primaryimage\",\"url\":\"https:\/\/vav.fi\/wp-content\/uploads\/2023\/06\/VAV.fi-kuvituskuva-7.jpg\",\"contentUrl\":\"https:\/\/vav.fi\/wp-content\/uploads\/2023\/06\/VAV.fi-kuvituskuva-7.jpg\",\"width\":1200,\"height\":750,\"caption\":\"A beautiful woman being entertained by watching something on her tablet.\"},{\"@type\":\"BreadcrumbList\",\"@id\":\"https:\/\/vav.fi\/sv\/for-bostadssokande\/vem-kan-ansoka-om-bostad\/inkomst-och-tillgangsgranser\/#breadcrumb\",\"itemListElement\":[{\"@type\":\"ListItem\",\"position\":1,\"name\":\"Home\",\"item\":\"https:\/\/vav.fi\/sv\/\"},{\"@type\":\"ListItem\",\"position\":2,\"name\":\"F\u00f6r bostadss\u00f6kande\",\"item\":\"https:\/\/vav.fi\/sv\/for-bostadssokande\/\"},{\"@type\":\"ListItem\",\"position\":3,\"name\":\"Vem kan ans\u00f6ka om bostad\",\"item\":\"https:\/\/vav.fi\/sv\/for-bostadssokande\/vem-kan-ansoka-om-bostad\/\"},{\"@type\":\"ListItem\",\"position\":4,\"name\":\"Inkomst- och tillg\u00e5ngsgr\u00e4nser\"}]},{\"@type\":\"WebSite\",\"@id\":\"https:\/\/vav.fi\/#website\",\"url\":\"https:\/\/vav.fi\/\",\"name\":\"VAV\",\"description\":\"Helppoa vuokra-asumista suurella syd\u00e4mell\u00e4.\",\"publisher\":{\"@id\":\"https:\/\/vav.fi\/#organization\"},\"potentialAction\":[{\"@type\":\"SearchAction\",\"target\":{\"@type\":\"EntryPoint\",\"urlTemplate\":\"https:\/\/vav.fi\/?s={search_term_string}\"},\"query-input\":{\"@type\":\"PropertyValueSpecification\",\"valueRequired\":true,\"valueName\":\"search_term_string\"}}],\"inLanguage\":\"sv-SE\"},{\"@type\":\"Organization\",\"@id\":\"https:\/\/vav.fi\/#organization\",\"name\":\"VAV\",\"url\":\"https:\/\/vav.fi\/\",\"logo\":{\"@type\":\"ImageObject\",\"inLanguage\":\"sv-SE\",\"@id\":\"https:\/\/vav.fi\/#\/schema\/logo\/image\/\",\"url\":\"https:\/\/vav.fi\/wp-content\/uploads\/2023\/04\/VAV-konserni-original-logo-color-transparent-2023.png\",\"contentUrl\":\"https:\/\/vav.fi\/wp-content\/uploads\/2023\/04\/VAV-konserni-original-logo-color-transparent-2023.png\",\"width\":1782,\"height\":1000,\"caption\":\"VAV\"},\"image\":{\"@id\":\"https:\/\/vav.fi\/#\/schema\/logo\/image\/\"},\"sameAs\":[\"https:\/\/www.facebook.com\/VAVAsunnot\/\",\"https:\/\/www.instagram.com\/vavkonserni\/\",\"https:\/\/www.linkedin.com\/company\/vav-konserni\/\"]}]}<\/script>\n<!-- \/ Yoast SEO Premium plugin. -->","yoast_head_json":{"title":"Inkomst- och tillg\u00e5ngsgr\u00e4nser | VAV","robots":{"index":"index","follow":"follow","max-snippet":"max-snippet:-1","max-image-preview":"max-image-preview:large","max-video-preview":"max-video-preview:-1"},"canonical":"https:\/\/vav.fi\/sv\/for-bostadssokande\/vem-kan-ansoka-om-bostad\/inkomst-och-tillgangsgranser\/","og_locale":"sv_SE","og_type":"article","og_title":"Inkomst- och tillg\u00e5ngsgr\u00e4nser","og_description":"Vi kontrollerar den s\u00f6kandes inkomst och tillg\u00e5ngar eftersom: Vi ser till att bost\u00e4derna tilldelas dem som \u00e4r i st\u00f6rst behov av bost\u00e4der Vi fr\u00e4mjar prisv\u00e4rda bost\u00e4der: vi tillhandah\u00e5ller bost\u00e4der f\u00f6r dem f\u00f6r vilka hyrorna i marknadsanpassade bost\u00e4der kan vara f\u00f6r h\u00f6ga. Vi f\u00f6ljer lagar och riktlinjer: inkomst- och tillg\u00e5ngsgr\u00e4nser baseras p\u00e5 lagstiftning [l\u00e4nk till -vad?] [&hellip;]","og_url":"https:\/\/vav.fi\/sv\/for-bostadssokande\/vem-kan-ansoka-om-bostad\/inkomst-och-tillgangsgranser\/","og_site_name":"VAV","article_publisher":"https:\/\/www.facebook.com\/VAVAsunnot\/","article_modified_time":"2025-03-25T08:58:58+00:00","og_image":[{"width":1200,"height":750,"url":"https:\/\/vav.fi\/wp-content\/uploads\/2023\/06\/VAV.fi-kuvituskuva-7.jpg","type":"image\/jpeg"}],"twitter_card":"summary_large_image","twitter_misc":{"Ber\u00e4knad l\u00e4stid":"2 minuter"},"schema":{"@context":"https:\/\/schema.org","@graph":[{"@type":"WebPage","@id":"https:\/\/vav.fi\/sv\/for-bostadssokande\/vem-kan-ansoka-om-bostad\/inkomst-och-tillgangsgranser\/","url":"https:\/\/vav.fi\/sv\/for-bostadssokande\/vem-kan-ansoka-om-bostad\/inkomst-och-tillgangsgranser\/","name":"Inkomst- och tillg\u00e5ngsgr\u00e4nser | VAV","isPartOf":{"@id":"https:\/\/vav.fi\/#website"},"primaryImageOfPage":{"@id":"https:\/\/vav.fi\/sv\/for-bostadssokande\/vem-kan-ansoka-om-bostad\/inkomst-och-tillgangsgranser\/#primaryimage"},"image":{"@id":"https:\/\/vav.fi\/sv\/for-bostadssokande\/vem-kan-ansoka-om-bostad\/inkomst-och-tillgangsgranser\/#primaryimage"},"thumbnailUrl":"https:\/\/vav.fi\/wp-content\/uploads\/2023\/06\/VAV.fi-kuvituskuva-7.jpg","datePublished":"2025-03-25T07:57:42+00:00","dateModified":"2025-03-25T08:58:58+00:00","breadcrumb":{"@id":"https:\/\/vav.fi\/sv\/for-bostadssokande\/vem-kan-ansoka-om-bostad\/inkomst-och-tillgangsgranser\/#breadcrumb"},"inLanguage":"sv-SE","potentialAction":[{"@type":"ReadAction","target":["https:\/\/vav.fi\/sv\/for-bostadssokande\/vem-kan-ansoka-om-bostad\/inkomst-och-tillgangsgranser\/"]}]},{"@type":"ImageObject","inLanguage":"sv-SE","@id":"https:\/\/vav.fi\/sv\/for-bostadssokande\/vem-kan-ansoka-om-bostad\/inkomst-och-tillgangsgranser\/#primaryimage","url":"https:\/\/vav.fi\/wp-content\/uploads\/2023\/06\/VAV.fi-kuvituskuva-7.jpg","contentUrl":"https:\/\/vav.fi\/wp-content\/uploads\/2023\/06\/VAV.fi-kuvituskuva-7.jpg","width":1200,"height":750,"caption":"A beautiful woman being entertained by watching something on her tablet."},{"@type":"BreadcrumbList","@id":"https:\/\/vav.fi\/sv\/for-bostadssokande\/vem-kan-ansoka-om-bostad\/inkomst-och-tillgangsgranser\/#breadcrumb","itemListElement":[{"@type":"ListItem","position":1,"name":"Home","item":"https:\/\/vav.fi\/sv\/"},{"@type":"ListItem","position":2,"name":"F\u00f6r bostadss\u00f6kande","item":"https:\/\/vav.fi\/sv\/for-bostadssokande\/"},{"@type":"ListItem","position":3,"name":"Vem kan ans\u00f6ka om bostad","item":"https:\/\/vav.fi\/sv\/for-bostadssokande\/vem-kan-ansoka-om-bostad\/"},{"@type":"ListItem","position":4,"name":"Inkomst- och tillg\u00e5ngsgr\u00e4nser"}]},{"@type":"WebSite","@id":"https:\/\/vav.fi\/#website","url":"https:\/\/vav.fi\/","name":"VAV","description":"Helppoa vuokra-asumista suurella syd\u00e4mell\u00e4.","publisher":{"@id":"https:\/\/vav.fi\/#organization"},"potentialAction":[{"@type":"SearchAction","target":{"@type":"EntryPoint","urlTemplate":"https:\/\/vav.fi\/?s={search_term_string}"},"query-input":{"@type":"PropertyValueSpecification","valueRequired":true,"valueName":"search_term_string"}}],"inLanguage":"sv-SE"},{"@type":"Organization","@id":"https:\/\/vav.fi\/#organization","name":"VAV","url":"https:\/\/vav.fi\/","logo":{"@type":"ImageObject","inLanguage":"sv-SE","@id":"https:\/\/vav.fi\/#\/schema\/logo\/image\/","url":"https:\/\/vav.fi\/wp-content\/uploads\/2023\/04\/VAV-konserni-original-logo-color-transparent-2023.png","contentUrl":"https:\/\/vav.fi\/wp-content\/uploads\/2023\/04\/VAV-konserni-original-logo-color-transparent-2023.png","width":1782,"height":1000,"caption":"VAV"},"image":{"@id":"https:\/\/vav.fi\/#\/schema\/logo\/image\/"},"sameAs":["https:\/\/www.facebook.com\/VAVAsunnot\/","https:\/\/www.instagram.com\/vavkonserni\/","https:\/\/www.linkedin.com\/company\/vav-konserni\/"]}]}},"_links":{"self":[{"href":"https:\/\/vav.fi\/sv\/wp-json\/wp\/v2\/pages\/11992","targetHints":{"allow":["GET"]}}],"collection":[{"href":"https:\/\/vav.fi\/sv\/wp-json\/wp\/v2\/pages"}],"about":[{"href":"https:\/\/vav.fi\/sv\/wp-json\/wp\/v2\/types\/page"}],"author":[{"embeddable":true,"href":"https:\/\/vav.fi\/sv\/wp-json\/wp\/v2\/users\/11"}],"replies":[{"embeddable":true,"href":"https:\/\/vav.fi\/sv\/wp-json\/wp\/v2\/comments?post=11992"}],"version-history":[{"count":2,"href":"https:\/\/vav.fi\/sv\/wp-json\/wp\/v2\/pages\/11992\/revisions"}],"predecessor-version":[{"id":12079,"href":"https:\/\/vav.fi\/sv\/wp-json\/wp\/v2\/pages\/11992\/revisions\/12079"}],"up":[{"embeddable":true,"href":"https:\/\/vav.fi\/sv\/wp-json\/wp\/v2\/pages\/11988"}],"wp:featuredmedia":[{"embeddable":true,"href":"https:\/\/vav.fi\/sv\/wp-json\/wp\/v2\/media\/9827"}],"wp:attachment":[{"href":"https:\/\/vav.fi\/sv\/wp-json\/wp\/v2\/media?parent=11992"}],"curies":[{"name":"wp","href":"https:\/\/api.w.org\/{rel}","templated":true}]}}