{"id":12001,"date":"2025-03-25T09:58:29","date_gmt":"2025-03-25T07:58:29","guid":{"rendered":"https:\/\/vav.fi\/?page_id=12001"},"modified":"2025-03-25T09:58:29","modified_gmt":"2025-03-25T07:58:29","slug":"erbjudande-om-boende-och-ingaende-av-avtal","status":"publish","type":"page","link":"https:\/\/vav.fi\/sv\/for-bostadssokande\/erbjudande-om-boende-och-ingaende-av-avtal\/","title":{"rendered":"Erbjudande om boende och ing\u00e5ende av avtal"},"content":{"rendered":"<p>Om du f\u00e5r ett erbjudande om boende fr\u00e5n oss, ber vi dig att senast d\u00e5 skicka in de beg\u00e4rda bilagorna. Du kan bes\u00f6ka den l\u00e4genhet som erbjuds dig innan du skickar bilagorna till oss. Bostaden kommer att visas antingen av den tidigare hyresg\u00e4sten eller av en representant f\u00f6r f\u00f6rvaltningsbolaget. Denna information f\u00e5r du i erbjudandebrevet.<\/p>\n<h2>Hyresavtal och deposition<\/h2>\n<p>Meddela oss om du kommer att acceptera den erbjudna l\u00e4genheten senast den f\u00f6rfallodag som anges i erbjudandet. Om du \u00e4nnu inte har skickat in ans\u00f6kningshandlingarna kommer de att beg\u00e4ras i detta skede innan kontraktet undertecknas. Kontraktet kan undertecknas elektroniskt. Om du vill underteckna hyresavtalet p\u00e5 VAV-kontoret kommer informationen f\u00f6r att underteckna kontraktet och boka tid att inkluderas i det bekr\u00e4ftade erbjudandet om boende.<\/p>\n<p>Om din make\/maka eller annan hyresg\u00e4st ocks\u00e5 ans\u00f6ker om bostad tillsammans med dig, m\u00e5ste de identifiera sig och underteckna hyresavtalet. Kontraktet undertecknas personligen eller genom fullmakt, vilket du kan g\u00f6ra sj\u00e4lv. Fullmakten m\u00e5ste vara bestyrkt.<\/p>\n<h2>S\u00e4kerhetsdeposition \u20ac0<\/h2>\n<p>Det finns ingen deposition f\u00f6r VAV-hyresbost\u00e4der.<\/p>\n<p>&nbsp;<\/p>\n","protected":false},"excerpt":{"rendered":"<p>Om du f\u00e5r ett erbjudande om boende fr\u00e5n oss, ber vi dig att senast d\u00e5 skicka in de beg\u00e4rda bilagorna. Du kan bes\u00f6ka den l\u00e4genhet som erbjuds dig innan du skickar bilagorna till oss. Bostaden kommer att visas antingen av den tidigare hyresg\u00e4sten eller av en representant f\u00f6r f\u00f6rvaltningsbolaget. Denna information f\u00e5r du i erbjudandebrevet. [&hellip;]<\/p>\n","protected":false},"author":11,"featured_media":9836,"parent":11977,"menu_order":16,"comment_status":"closed","ping_status":"closed","template":"","meta":{"_acf_changed":false,"inline_featured_image":false,"footnotes":""},"class_list":["post-12001","page","type-page","status-publish","has-post-thumbnail","hentry"],"acf":[],"yoast_head":"<!-- This site is optimized with the Yoast SEO Premium plugin v27.2 (Yoast SEO v27.2) - https:\/\/yoast.com\/product\/yoast-seo-premium-wordpress\/ -->\n<title>Erbjudande om boende och ing\u00e5ende av avtal | VAV<\/title>\n<meta name=\"robots\" content=\"index, follow, max-snippet:-1, max-image-preview:large, max-video-preview:-1\" \/>\n<link rel=\"canonical\" href=\"https:\/\/vav.fi\/sv\/for-bostadssokande\/erbjudande-om-boende-och-ingaende-av-avtal\/\" \/>\n<meta property=\"og:locale\" content=\"sv_SE\" \/>\n<meta property=\"og:type\" content=\"article\" \/>\n<meta property=\"og:title\" content=\"Erbjudande om boende och ing\u00e5ende av avtal\" \/>\n<meta property=\"og:description\" content=\"Om du f\u00e5r ett erbjudande om boende fr\u00e5n oss, ber vi dig att senast d\u00e5 skicka in de beg\u00e4rda bilagorna. Du kan bes\u00f6ka den l\u00e4genhet som erbjuds dig innan du skickar bilagorna till oss. Bostaden kommer att visas antingen av den tidigare hyresg\u00e4sten eller av en representant f\u00f6r f\u00f6rvaltningsbolaget. Denna information f\u00e5r du i erbjudandebrevet. [&hellip;]\" \/>\n<meta property=\"og:url\" content=\"https:\/\/vav.fi\/sv\/for-bostadssokande\/erbjudande-om-boende-och-ingaende-av-avtal\/\" \/>\n<meta property=\"og:site_name\" content=\"VAV\" \/>\n<meta property=\"article:publisher\" content=\"https:\/\/www.facebook.com\/VAVAsunnot\/\" \/>\n<meta property=\"og:image\" content=\"https:\/\/vav.fi\/wp-content\/uploads\/2023\/06\/VAV.fi-kuvituskuva-10.jpg\" \/>\n\t<meta property=\"og:image:width\" content=\"1200\" \/>\n\t<meta property=\"og:image:height\" content=\"750\" \/>\n\t<meta property=\"og:image:type\" content=\"image\/jpeg\" \/>\n<meta name=\"twitter:card\" content=\"summary_large_image\" \/>\n<meta name=\"twitter:label1\" content=\"Ber\u00e4knad l\u00e4stid\" \/>\n\t<meta name=\"twitter:data1\" content=\"2 minuter\" \/>\n<script type=\"application\/ld+json\" class=\"yoast-schema-graph\">{\"@context\":\"https:\/\/schema.org\",\"@graph\":[{\"@type\":\"WebPage\",\"@id\":\"https:\/\/vav.fi\/sv\/for-bostadssokande\/erbjudande-om-boende-och-ingaende-av-avtal\/\",\"url\":\"https:\/\/vav.fi\/sv\/for-bostadssokande\/erbjudande-om-boende-och-ingaende-av-avtal\/\",\"name\":\"Erbjudande om boende och ing\u00e5ende av avtal | VAV\",\"isPartOf\":{\"@id\":\"https:\/\/vav.fi\/#website\"},\"primaryImageOfPage\":{\"@id\":\"https:\/\/vav.fi\/sv\/for-bostadssokande\/erbjudande-om-boende-och-ingaende-av-avtal\/#primaryimage\"},\"image\":{\"@id\":\"https:\/\/vav.fi\/sv\/for-bostadssokande\/erbjudande-om-boende-och-ingaende-av-avtal\/#primaryimage\"},\"thumbnailUrl\":\"https:\/\/vav.fi\/wp-content\/uploads\/2023\/06\/VAV.fi-kuvituskuva-10.jpg\",\"datePublished\":\"2025-03-25T07:58:29+00:00\",\"breadcrumb\":{\"@id\":\"https:\/\/vav.fi\/sv\/for-bostadssokande\/erbjudande-om-boende-och-ingaende-av-avtal\/#breadcrumb\"},\"inLanguage\":\"sv-SE\",\"potentialAction\":[{\"@type\":\"ReadAction\",\"target\":[\"https:\/\/vav.fi\/sv\/for-bostadssokande\/erbjudande-om-boende-och-ingaende-av-avtal\/\"]}]},{\"@type\":\"ImageObject\",\"inLanguage\":\"sv-SE\",\"@id\":\"https:\/\/vav.fi\/sv\/for-bostadssokande\/erbjudande-om-boende-och-ingaende-av-avtal\/#primaryimage\",\"url\":\"https:\/\/vav.fi\/wp-content\/uploads\/2023\/06\/VAV.fi-kuvituskuva-10.jpg\",\"contentUrl\":\"https:\/\/vav.fi\/wp-content\/uploads\/2023\/06\/VAV.fi-kuvituskuva-10.jpg\",\"width\":1200,\"height\":750,\"caption\":\"Young family at home with their two children\"},{\"@type\":\"BreadcrumbList\",\"@id\":\"https:\/\/vav.fi\/sv\/for-bostadssokande\/erbjudande-om-boende-och-ingaende-av-avtal\/#breadcrumb\",\"itemListElement\":[{\"@type\":\"ListItem\",\"position\":1,\"name\":\"Home\",\"item\":\"https:\/\/vav.fi\/sv\/\"},{\"@type\":\"ListItem\",\"position\":2,\"name\":\"F\u00f6r bostadss\u00f6kande\",\"item\":\"https:\/\/vav.fi\/sv\/for-bostadssokande\/\"},{\"@type\":\"ListItem\",\"position\":3,\"name\":\"Erbjudande om boende och ing\u00e5ende av avtal\"}]},{\"@type\":\"WebSite\",\"@id\":\"https:\/\/vav.fi\/#website\",\"url\":\"https:\/\/vav.fi\/\",\"name\":\"VAV\",\"description\":\"Helppoa vuokra-asumista suurella syd\u00e4mell\u00e4.\",\"publisher\":{\"@id\":\"https:\/\/vav.fi\/#organization\"},\"potentialAction\":[{\"@type\":\"SearchAction\",\"target\":{\"@type\":\"EntryPoint\",\"urlTemplate\":\"https:\/\/vav.fi\/?s={search_term_string}\"},\"query-input\":{\"@type\":\"PropertyValueSpecification\",\"valueRequired\":true,\"valueName\":\"search_term_string\"}}],\"inLanguage\":\"sv-SE\"},{\"@type\":\"Organization\",\"@id\":\"https:\/\/vav.fi\/#organization\",\"name\":\"VAV\",\"url\":\"https:\/\/vav.fi\/\",\"logo\":{\"@type\":\"ImageObject\",\"inLanguage\":\"sv-SE\",\"@id\":\"https:\/\/vav.fi\/#\/schema\/logo\/image\/\",\"url\":\"https:\/\/vav.fi\/wp-content\/uploads\/2023\/04\/VAV-konserni-original-logo-color-transparent-2023.png\",\"contentUrl\":\"https:\/\/vav.fi\/wp-content\/uploads\/2023\/04\/VAV-konserni-original-logo-color-transparent-2023.png\",\"width\":1782,\"height\":1000,\"caption\":\"VAV\"},\"image\":{\"@id\":\"https:\/\/vav.fi\/#\/schema\/logo\/image\/\"},\"sameAs\":[\"https:\/\/www.facebook.com\/VAVAsunnot\/\",\"https:\/\/www.instagram.com\/vavkonserni\/\",\"https:\/\/www.linkedin.com\/company\/vav-konserni\/\"]}]}<\/script>\n<!-- \/ Yoast SEO Premium plugin. -->","yoast_head_json":{"title":"Erbjudande om boende och ing\u00e5ende av avtal | VAV","robots":{"index":"index","follow":"follow","max-snippet":"max-snippet:-1","max-image-preview":"max-image-preview:large","max-video-preview":"max-video-preview:-1"},"canonical":"https:\/\/vav.fi\/sv\/for-bostadssokande\/erbjudande-om-boende-och-ingaende-av-avtal\/","og_locale":"sv_SE","og_type":"article","og_title":"Erbjudande om boende och ing\u00e5ende av avtal","og_description":"Om du f\u00e5r ett erbjudande om boende fr\u00e5n oss, ber vi dig att senast d\u00e5 skicka in de beg\u00e4rda bilagorna. Du kan bes\u00f6ka den l\u00e4genhet som erbjuds dig innan du skickar bilagorna till oss. Bostaden kommer att visas antingen av den tidigare hyresg\u00e4sten eller av en representant f\u00f6r f\u00f6rvaltningsbolaget. Denna information f\u00e5r du i erbjudandebrevet. [&hellip;]","og_url":"https:\/\/vav.fi\/sv\/for-bostadssokande\/erbjudande-om-boende-och-ingaende-av-avtal\/","og_site_name":"VAV","article_publisher":"https:\/\/www.facebook.com\/VAVAsunnot\/","og_image":[{"width":1200,"height":750,"url":"https:\/\/vav.fi\/wp-content\/uploads\/2023\/06\/VAV.fi-kuvituskuva-10.jpg","type":"image\/jpeg"}],"twitter_card":"summary_large_image","twitter_misc":{"Ber\u00e4knad l\u00e4stid":"2 minuter"},"schema":{"@context":"https:\/\/schema.org","@graph":[{"@type":"WebPage","@id":"https:\/\/vav.fi\/sv\/for-bostadssokande\/erbjudande-om-boende-och-ingaende-av-avtal\/","url":"https:\/\/vav.fi\/sv\/for-bostadssokande\/erbjudande-om-boende-och-ingaende-av-avtal\/","name":"Erbjudande om boende och ing\u00e5ende av avtal | VAV","isPartOf":{"@id":"https:\/\/vav.fi\/#website"},"primaryImageOfPage":{"@id":"https:\/\/vav.fi\/sv\/for-bostadssokande\/erbjudande-om-boende-och-ingaende-av-avtal\/#primaryimage"},"image":{"@id":"https:\/\/vav.fi\/sv\/for-bostadssokande\/erbjudande-om-boende-och-ingaende-av-avtal\/#primaryimage"},"thumbnailUrl":"https:\/\/vav.fi\/wp-content\/uploads\/2023\/06\/VAV.fi-kuvituskuva-10.jpg","datePublished":"2025-03-25T07:58:29+00:00","breadcrumb":{"@id":"https:\/\/vav.fi\/sv\/for-bostadssokande\/erbjudande-om-boende-och-ingaende-av-avtal\/#breadcrumb"},"inLanguage":"sv-SE","potentialAction":[{"@type":"ReadAction","target":["https:\/\/vav.fi\/sv\/for-bostadssokande\/erbjudande-om-boende-och-ingaende-av-avtal\/"]}]},{"@type":"ImageObject","inLanguage":"sv-SE","@id":"https:\/\/vav.fi\/sv\/for-bostadssokande\/erbjudande-om-boende-och-ingaende-av-avtal\/#primaryimage","url":"https:\/\/vav.fi\/wp-content\/uploads\/2023\/06\/VAV.fi-kuvituskuva-10.jpg","contentUrl":"https:\/\/vav.fi\/wp-content\/uploads\/2023\/06\/VAV.fi-kuvituskuva-10.jpg","width":1200,"height":750,"caption":"Young family at home with their two children"},{"@type":"BreadcrumbList","@id":"https:\/\/vav.fi\/sv\/for-bostadssokande\/erbjudande-om-boende-och-ingaende-av-avtal\/#breadcrumb","itemListElement":[{"@type":"ListItem","position":1,"name":"Home","item":"https:\/\/vav.fi\/sv\/"},{"@type":"ListItem","position":2,"name":"F\u00f6r bostadss\u00f6kande","item":"https:\/\/vav.fi\/sv\/for-bostadssokande\/"},{"@type":"ListItem","position":3,"name":"Erbjudande om boende och ing\u00e5ende av avtal"}]},{"@type":"WebSite","@id":"https:\/\/vav.fi\/#website","url":"https:\/\/vav.fi\/","name":"VAV","description":"Helppoa vuokra-asumista suurella syd\u00e4mell\u00e4.","publisher":{"@id":"https:\/\/vav.fi\/#organization"},"potentialAction":[{"@type":"SearchAction","target":{"@type":"EntryPoint","urlTemplate":"https:\/\/vav.fi\/?s={search_term_string}"},"query-input":{"@type":"PropertyValueSpecification","valueRequired":true,"valueName":"search_term_string"}}],"inLanguage":"sv-SE"},{"@type":"Organization","@id":"https:\/\/vav.fi\/#organization","name":"VAV","url":"https:\/\/vav.fi\/","logo":{"@type":"ImageObject","inLanguage":"sv-SE","@id":"https:\/\/vav.fi\/#\/schema\/logo\/image\/","url":"https:\/\/vav.fi\/wp-content\/uploads\/2023\/04\/VAV-konserni-original-logo-color-transparent-2023.png","contentUrl":"https:\/\/vav.fi\/wp-content\/uploads\/2023\/04\/VAV-konserni-original-logo-color-transparent-2023.png","width":1782,"height":1000,"caption":"VAV"},"image":{"@id":"https:\/\/vav.fi\/#\/schema\/logo\/image\/"},"sameAs":["https:\/\/www.facebook.com\/VAVAsunnot\/","https:\/\/www.instagram.com\/vavkonserni\/","https:\/\/www.linkedin.com\/company\/vav-konserni\/"]}]}},"_links":{"self":[{"href":"https:\/\/vav.fi\/sv\/wp-json\/wp\/v2\/pages\/12001","targetHints":{"allow":["GET"]}}],"collection":[{"href":"https:\/\/vav.fi\/sv\/wp-json\/wp\/v2\/pages"}],"about":[{"href":"https:\/\/vav.fi\/sv\/wp-json\/wp\/v2\/types\/page"}],"author":[{"embeddable":true,"href":"https:\/\/vav.fi\/sv\/wp-json\/wp\/v2\/users\/11"}],"replies":[{"embeddable":true,"href":"https:\/\/vav.fi\/sv\/wp-json\/wp\/v2\/comments?post=12001"}],"version-history":[{"count":1,"href":"https:\/\/vav.fi\/sv\/wp-json\/wp\/v2\/pages\/12001\/revisions"}],"predecessor-version":[{"id":12002,"href":"https:\/\/vav.fi\/sv\/wp-json\/wp\/v2\/pages\/12001\/revisions\/12002"}],"up":[{"embeddable":true,"href":"https:\/\/vav.fi\/sv\/wp-json\/wp\/v2\/pages\/11977"}],"wp:featuredmedia":[{"embeddable":true,"href":"https:\/\/vav.fi\/sv\/wp-json\/wp\/v2\/media\/9836"}],"wp:attachment":[{"href":"https:\/\/vav.fi\/sv\/wp-json\/wp\/v2\/media?parent=12001"}],"curies":[{"name":"wp","href":"https:\/\/api.w.org\/{rel}","templated":true}]}}